{"id":47464,"date":"2025-02-19T20:19:50","date_gmt":"2025-02-19T20:19:50","guid":{"rendered":"https:\/\/bruine-beer.com\/?page_id=47464"},"modified":"2026-05-04T15:10:50","modified_gmt":"2026-05-04T15:10:50","slug":"demi-journee-voile","status":"publish","type":"page","link":"https:\/\/www.bruine-beer.com\/en\/demi-journee-voile\/","title":{"rendered":"Half-day sailing"},"content":{"rendered":"<div class=\"gbp-section gb-element-f4b7f10c\">\n<div class=\"gb-element-12ccbacd\" id=\"reservation\">\n<product-details-widget widget-id=\"d9a7aef9-1a27-419e-9a68-6ef251c73e6d\"><\/product-details-widget><script type=\"text\/javascript\" src=\"https:\/\/widgets.regiondo.net\/product\/v1\/product-widget.min.js\"><\/script>\n<\/div>\n\n\n\n<div class=\"gbp-section__inner gb-element-9b7af8fa\">\n<div class=\"gb-element-8867f635\">\n<div>\n<p><\/p>\n\n\n\n<p class=\"gb-text gb-text-ceeec7f8\"><\/p>\n<\/div>\n<\/div>\n<\/div>\n<\/div>\n\n\n\n<div class=\"gbp-section gb-element-1d047171\">\n<div class=\"gbp-section__inner gb-element-c8d714f6\">\n<div class=\"gb-element-f41640e3\">\n<div>\n<h2 class=\"gb-text gb-text-a9c7b788\">Discover the Calanques aboard the Bruine Beer<\/h2>\n\n\n\n<img loading=\"lazy\" decoding=\"async\" width=\"600\" height=\"900\" class=\"gbpu002du002dborder-radius gb-media-203e31f3 gbp--border-radius\" src=\"https:\/\/www.www.www.www.www.www.www.www.www.www.www.www.www.www.www.www.www.www.www.www.bruine-beer.com\/wp-content\/uploads\/2025\/04\/journee-calanques.webp\" alt=\"journ\u00e9e calanques\" title=\"journee-calanques\" srcset=\"https:\/\/www.bruine-beer.com\/wp-content\/uploads\/2025\/04\/journee-calanques.webp 600w, https:\/\/www.bruine-beer.com\/wp-content\/uploads\/2025\/04\/journee-calanques-200x300.webp 200w\" sizes=\"auto, (max-width: 600px) 100vw, 600px\" \/>\n<\/div>\n\n\n\n<div>\n<div class=\"gb-element-4a71ad4a\">\n<div class=\"gb-element-48cd12bd\">\n<span class=\"gb-shape gb-shape-fa06ff73\"><svg xmlns=\"http:\/\/www.w3.org\/2000\/svg\" viewbox=\"0 0 448 512\" width=\"1em\" height=\"1em\" aria-hidden=\"true\"><path d=\"M148 288h-40c-6.6 0-12-5.4-12-12v-40c0-6.6 5.4-12 12-12h40c6.6 0 12 5.4 12 12v40c0 6.6-5.4 12-12 12zm108-12v-40c0-6.6-5.4-12-12-12h-40c-6.6 0-12 5.4-12 12v40c0 6.6 5.4 12 12 12h40c6.6 0 12-5.4 12-12zm96 0v-40c0-6.6-5.4-12-12-12h-40c-6.6 0-12 5.4-12 12v40c0 6.6 5.4 12 12 12h40c6.6 0 12-5.4 12-12zm-96 96v-40c0-6.6-5.4-12-12-12h-40c-6.6 0-12 5.4-12 12v40c0 6.6 5.4 12 12 12h40c6.6 0 12-5.4 12-12zm-96 0v-40c0-6.6-5.4-12-12-12h-40c-6.6 0-12 5.4-12 12v40c0 6.6 5.4 12 12 12h40c6.6 0 12-5.4 12-12zm192 0v-40c0-6.6-5.4-12-12-12h-40c-6.6 0-12 5.4-12 12v40c0 6.6 5.4 12 12 12h40c6.6 0 12-5.4 12-12zm96-260v352c0 26.5-21.5 48-48 48H48c-26.5 0-48-21.5-48-48V112c0-26.5 21.5-48 48-48h48V12c0-6.6 5.4-12 12-12h40c6.6 0 12 5.4 12 12v52h128V12c0-6.6 5.4-12 12-12h40c6.6 0 12 5.4 12 12v52h48c26.5 0 48 21.5 48 48zm-48 346V160H48v298c0 3.3 2.7 6 6 6h340c3.3 0 6-2.7 6-6z\" fill=\"currentColor\"><\/path><\/svg><\/span>\n<\/div>\n\n\n\n<div>\n<h3 class=\"gb-text gb-text-ae703700\">Boarding<\/h3>\n\n\n\n<p class=\"gb-text gb-text-6c18243f\">Boarding will take place at the Quai d'Honneur in front of Marseille City Hall. Passengers should arrive at the meeting point 15 minutes before boarding.<br>Any delay will not be taken into consideration. No refunds will be given for no-shows.<\/p>\n\n\n\n<p><\/p>\n<\/div>\n<\/div>\n\n\n\n<div class=\"gb-element-1b657410\">\n<div class=\"gb-element-22dcd4b8\">\n<span class=\"gb-shape gb-shape-b33ff0a0\"><svg xmlns=\"http:\/\/www.w3.org\/2000\/svg\" viewbox=\"0 0 448 512\" width=\"1em\" height=\"1em\" aria-hidden=\"true\"><path d=\"M448 360V24c0-13.3-10.7-24-24-24H96C43 0 0 43 0 96v320c0 53 43 96 96 96h328c13.3 0 24-10.7 24-24v-16c0-7.5-3.5-14.3-8.9-18.7-4.2-15.4-4.2-59.3 0-74.7 5.4-4.3 8.9-11.1 8.9-18.6zM128 134c0-3.3 2.7-6 6-6h212c3.3 0 6 2.7 6 6v20c0 3.3-2.7 6-6 6H134c-3.3 0-6-2.7-6-6v-20zm0 64c0-3.3 2.7-6 6-6h212c3.3 0 6 2.7 6 6v20c0 3.3-2.7 6-6 6H134c-3.3 0-6-2.7-6-6v-20zm253.4 250H96c-17.7 0-32-14.3-32-32 0-17.6 14.4-32 32-32h285.4c-1.9 17.1-1.9 46.9 0 64z\" fill=\"currentColor\"><\/path><\/svg><\/span>\n<\/div>\n\n\n\n<div>\n<h3 class=\"gb-text gb-text-0f6f7ed7\">Tour<\/h3>\n\n\n\n<p class=\"gb-text gb-text-9789d522 translation-block\">Bruine Beer has a <strong>sailing<\/strong> approval in the heart of the National Park. If the weather is not favorable, an alternative route will be proposed.<\/p>\n<\/div>\n<\/div>\n<\/div>\n<\/div>\n<\/div>\n<\/div>\n\n\n\n<div class=\"gbp-section gb-element-44f18a4e\">\n<div class=\"gbp-section__inner gb-element-1b238103\">\n<div class=\"gb-element-addf6e76\">\n<div class=\"gb-tabs gb-tabs-e0962fe7\" data-opened-tab=\"1\">\n<div class=\"gb-tabs__menu gb-tabs__menu-ac127976\" role=\"list\">\n<div tabindex=\"0\" class=\"gb-tabs__menu-item gb-tabs__menu-item-7ccec099 gb-block-is-current\" role=\"tab\" id=\"gb-tab-menu-item-7ccec099\">\n<span class=\"gb-text\">Pricing<\/span>\n<\/div>\n\n\n\n<div tabindex=\"0\" class=\"gb-tabs__menu-item gb-tabs__menu-item-bd31959b\" role=\"tab\" id=\"gb-tab-menu-item-bd31959b\">\n<span class=\"gb-text\">What to bring for your sea trip<\/span>\n<\/div>\n\n\n\n<div tabindex=\"0\" class=\"gb-tabs__menu-item gb-tabs__menu-item-b890e9af\" role=\"tab\" id=\"gb-tab-menu-item-b890e9af\">\n<span class=\"gb-text\">Important information<\/span>\n<\/div>\n<\/div>\n\n\n\n<div class=\"gb-tabs__items gb-tabs__items-fbcb9fc3\" role=\"tabpanel\">\n<div class=\"gb-tabs__item gb-tabs__item-open\" id=\"gb-tab-item-724932fe\">\n<div class=\"gb-element-755b9e65\">\n<div>\n<h2 class=\"gb-text gb-text-a01869fc\">Pricing<\/h2>\n\n\n\n<p class=\"gb-text gb-text-860b6f28\">Morning \/ afternoon<\/p>\n\n\n\n<div class=\"gb-element-19f1cf5b\">\n<p class=\"gb-text-0f0eff50\"><span class=\"gb-shape\"><svg viewbox=\"0 0 24 24\" fill=\"none\" xmlns=\"http:\/\/www.w3.org\/2000\/svg\"><g id=\"SVGRepo_bgCarrier\" stroke-width=\"0\"><\/g><g id=\"SVGRepo_tracerCarrier\" stroke-linecap=\"round\" stroke-linejoin=\"round\"><\/g><g id=\"SVGRepo_iconCarrier\"> <path fill-rule=\"evenodd\" clip-rule=\"evenodd\" d=\"M12 22C7.28595 22 4.92893 22 3.46447 20.5355C2 19.0711 2 16.714 2 12C2 7.28595 2 4.92893 3.46447 3.46447C4.92893 2 7.28595 2 12 2C16.714 2 19.0711 2 20.5355 3.46447C22 4.92893 22 7.28595 22 12C22 16.714 22 19.0711 20.5355 20.5355C19.0711 22 16.714 22 12 22ZM16.0303 8.96967C16.3232 9.26256 16.3232 9.73744 16.0303 10.0303L11.0303 15.0303C10.7374 15.3232 10.2626 15.3232 9.96967 15.0303L7.96967 13.0303C7.67678 12.7374 7.67678 12.2626 7.96967 11.9697C8.26256 11.6768 8.73744 11.6768 9.03033 11.9697L10.5 13.4393L14.9697 8.96967C15.2626 8.67678 15.7374 8.67678 16.0303 8.96967Z\" fill=\"#95d27f\"><\/path> <\/g><\/svg><\/span><span class=\"gb-text\">Adults: \u20ac 50 \/ \u20ac 70<\/span><\/p>\n\n\n\n<p class=\"gb-text-1a31e26f\"><span class=\"gb-shape\"><svg viewbox=\"0 0 24 24\" fill=\"none\" xmlns=\"http:\/\/www.w3.org\/2000\/svg\"><g id=\"SVGRepo_bgCarrier\" stroke-width=\"0\"><\/g><g id=\"SVGRepo_tracerCarrier\" stroke-linecap=\"round\" stroke-linejoin=\"round\"><\/g><g id=\"SVGRepo_iconCarrier\"> <path fill-rule=\"evenodd\" clip-rule=\"evenodd\" d=\"M12 22C7.28595 22 4.92893 22 3.46447 20.5355C2 19.0711 2 16.714 2 12C2 7.28595 2 4.92893 3.46447 3.46447C4.92893 2 7.28595 2 12 2C16.714 2 19.0711 2 20.5355 3.46447C22 4.92893 22 7.28595 22 12C22 16.714 22 19.0711 20.5355 20.5355C19.0711 22 16.714 22 12 22ZM16.0303 8.96967C16.3232 9.26256 16.3232 9.73744 16.0303 10.0303L11.0303 15.0303C10.7374 15.3232 10.2626 15.3232 9.96967 15.0303L7.96967 13.0303C7.67678 12.7374 7.67678 12.2626 7.96967 11.9697C8.26256 11.6768 8.73744 11.6768 9.03033 11.9697L10.5 13.4393L14.9697 8.96967C15.2626 8.67678 15.7374 8.67678 16.0303 8.96967Z\" fill=\"#95d27f\"><\/path> <\/g><\/svg><\/span><span class=\"gb-text\">5 to 12 years: \u20ac 35 \/ \u20ac 50<\/span><\/p>\n\n\n\n<p class=\"gb-text-7f425afc\"><span class=\"gb-shape\"><svg viewbox=\"0 0 24 24\" fill=\"none\" xmlns=\"http:\/\/www.w3.org\/2000\/svg\"><g id=\"SVGRepo_bgCarrier\" stroke-width=\"0\"><\/g><g id=\"SVGRepo_tracerCarrier\" stroke-linecap=\"round\" stroke-linejoin=\"round\"><\/g><g id=\"SVGRepo_iconCarrier\"> <path fill-rule=\"evenodd\" clip-rule=\"evenodd\" d=\"M12 22C7.28595 22 4.92893 22 3.46447 20.5355C2 19.0711 2 16.714 2 12C2 7.28595 2 4.92893 3.46447 3.46447C4.92893 2 7.28595 2 12 2C16.714 2 19.0711 2 20.5355 3.46447C22 4.92893 22 7.28595 22 12C22 16.714 22 19.0711 20.5355 20.5355C19.0711 22 16.714 22 12 22ZM16.0303 8.96967C16.3232 9.26256 16.3232 9.73744 16.0303 10.0303L11.0303 15.0303C10.7374 15.3232 10.2626 15.3232 9.96967 15.0303L7.96967 13.0303C7.67678 12.7374 7.67678 12.2626 7.96967 11.9697C8.26256 11.6768 8.73744 11.6768 9.03033 11.9697L10.5 13.4393L14.9697 8.96967C15.2626 8.67678 15.7374 8.67678 16.0303 8.96967Z\" fill=\"#95d27f\"><\/path> <\/g><\/svg><\/span><span class=\"gb-text\">0 to 5 years: \u20ac 20<\/span><\/p>\n\n\n\n<p><\/p>\n<\/div>\n\n\n\n<a class=\"gbp-button--tertiary gb-text-6ace904a\" href=\"#reservation\"><span class=\"gb-text\">Book my seat<\/span><span class=\"gb-shape\"><svg viewbox=\"0 0 256 256\" height=\"32\" width=\"32\" xmlns=\"http:\/\/www.w3.org\/2000\/svg\"><path d=\"M224.49,136.49l-72,72a12,12,0,0,1-17-17L187,140H40a12,12,0,0,1,0-24H187L135.51,64.48a12,12,0,0,1,17-17l72,72A12,12,0,0,1,224.49,136.49Z\"><\/path><\/svg><\/span><\/a>\n<\/div>\n\n\n\n<div>\n<img loading=\"lazy\" decoding=\"async\" width=\"600\" height=\"461\" class=\"gb-media-de54b8fb\" src=\"https:\/\/www.www.www.www.www.www.www.www.www.www.www.www.www.www.www.www.www.www.www.www.bruine-beer.com\/wp-content\/uploads\/2025\/04\/location-bruine-beer-journee.webp\" alt=\"location bruine beer journ\u00e9e\" title=\"location-bruine-beer-journee\" srcset=\"https:\/\/www.bruine-beer.com\/wp-content\/uploads\/2025\/04\/location-bruine-beer-journee.webp 600w, https:\/\/www.bruine-beer.com\/wp-content\/uploads\/2025\/04\/location-bruine-beer-journee-300x231.webp 300w\" sizes=\"auto, (max-width: 600px) 100vw, 600px\" \/>\n<\/div>\n<\/div>\n<\/div>\n\n\n\n<div class=\"gb-tabs__item\" id=\"gb-tab-item-c43db7c3\">\n<div class=\"gb-element-d28693fa\">\n<div>\n<h2 class=\"gb-text gb-text-721939cd\"><strong><strong>What to bring for your sea trip<\/strong><\/strong><\/h2>\n\n\n\n<p class=\"gb-text gb-text-46698498\"><\/p>\n\n\n\n<ul class=\"wp-block-list\">\n<li>A swimsuit, hat or cap<\/li>\n\n\n\n<li>Sunscreen and towel<\/li>\n\n\n\n<li>A camera or phone to immortalize the experience<\/li>\n\n\n\n<li>Your cheerfulness and your best smile !<\/li>\n<\/ul>\n\n\n\n<a class=\"gbp-button--tertiary gb-text-967af656\" href=\"#reservation\"><span class=\"gb-text\">Book my seat<\/span><span class=\"gb-shape\"><svg viewbox=\"0 0 256 256\" height=\"32\" width=\"32\" xmlns=\"http:\/\/www.w3.org\/2000\/svg\"><path d=\"M224.49,136.49l-72,72a12,12,0,0,1-17-17L187,140H40a12,12,0,0,1,0-24H187L135.51,64.48a12,12,0,0,1,17-17l72,72A12,12,0,0,1,224.49,136.49Z\"><\/path><\/svg><\/span><\/a>\n<\/div>\n\n\n\n<div>\n<img loading=\"lazy\" decoding=\"async\" width=\"600\" height=\"400\" class=\"gb-media-dbc1c413\" src=\"https:\/\/www.www.www.www.www.www.www.www.www.www.www.www.www.www.www.www.www.www.www.www.bruine-beer.com\/wp-content\/uploads\/2025\/04\/sortie-en-mer.jpg\" alt=\"sortie en mer\" title=\"sortie-en-mer\" srcset=\"https:\/\/www.bruine-beer.com\/wp-content\/uploads\/2025\/04\/sortie-en-mer.jpg 600w, https:\/\/www.bruine-beer.com\/wp-content\/uploads\/2025\/04\/sortie-en-mer-300x200.jpg 300w\" sizes=\"auto, (max-width: 600px) 100vw, 600px\" \/>\n<\/div>\n<\/div>\n<\/div>\n\n\n\n<div class=\"gb-tabs__item\" id=\"gb-tab-item-d6fe2e0f\">\n<div class=\"gb-element-447619cb\">\n<div>\n<h2 class=\"gb-text gb-text-6a3d0527\"><strong>Important information<\/strong><\/h2>\n\n\n\n<p class=\"gb-text gb-text-cc607343\"><\/p>\n\n\n\n<ul class=\"wp-block-list\">\n<li>The captain reserves the right to modify or cancel the outing depending on weather conditions.<\/li>\n\n\n\n<li>To ensure the best possible experience, the itinerary may be adjusted according to weather conditions.<\/li>\n\n\n\n<li class=\"translation-block\">In the event of cancellation by <strong>Eco Nautisme Marseille<\/strong>, you will be offered a postponement or refund.<\/li>\n\n\n\n<li>If for personal reasons you choose to cancel your tour 1 week before the date of the tour, you will receive a full refund.<\/li>\n\n\n\n<li>If you have to cancel your excursion between 6 and 3 days before the date of the excursion, we will retain 50% of the amount paid.<\/li>\n\n\n\n<li>Should you have to cancel your tour less than 48 hours before the date of the tour, all sums paid will be forfeited.<\/li>\n\n\n\n<li>All passengers, whatever their age, are welcome on board.<\/li>\n\n\n\n<li>Unfortunately, our four-legged friends are not invited to join the cruise.<\/li>\n<\/ul>\n\n\n\n<a class=\"gbp-button--tertiary gb-text-2014c965\" href=\"#reservation\"><span class=\"gb-text\">Book my seat<\/span><span class=\"gb-shape\"><svg viewbox=\"0 0 256 256\" height=\"32\" width=\"32\" xmlns=\"http:\/\/www.w3.org\/2000\/svg\"><path d=\"M224.49,136.49l-72,72a12,12,0,0,1-17-17L187,140H40a12,12,0,0,1,0-24H187L135.51,64.48a12,12,0,0,1,17-17l72,72A12,12,0,0,1,224.49,136.49Z\"><\/path><\/svg><\/span><\/a>\n<\/div>\n\n\n\n<div>\n<img loading=\"lazy\" decoding=\"async\" width=\"600\" height=\"900\" class=\"gb-media-8d6d4761\" src=\"https:\/\/www.www.www.www.www.www.www.www.www.www.www.www.www.www.www.www.www.www.www.www.bruine-beer.com\/wp-content\/uploads\/2025\/04\/informations-bruine-beer.webp\" alt=\"informations bruine beer\" title=\"informations-bruine-beer\" srcset=\"https:\/\/www.bruine-beer.com\/wp-content\/uploads\/2025\/04\/informations-bruine-beer.webp 600w, https:\/\/www.bruine-beer.com\/wp-content\/uploads\/2025\/04\/informations-bruine-beer-200x300.webp 200w\" sizes=\"auto, (max-width: 600px) 100vw, 600px\" \/>\n<\/div>\n<\/div>\n<\/div>\n\n\n\n<div class=\"gb-tabs__item\" id=\"gb-tab-item-247555b5\">\n<div class=\"gb-element-d40577b5\">\n<div>\n<h2 class=\"gb-text gb-text-a1fbb500\">Cancellation policy<\/h2>\n\n\n\n<p class=\"gb-text gb-text-8b8f410a\">This is placeholder text which will be replaced by your content. Lorem ipsum amet elit morbi dolor tortor. Vivamus eget mollis nostra ullam corper. Pharetra torquent auctor metus felis nibh velit. Natoque tellus semper taciti nostra. Semper pharetra montes habitant congue integer primis vivamus aptent. <\/p>\n\n\n\n<a class=\"gbp-button--tertiary gb-text-27955340\" href=\"\/en\/contact\/\"><span class=\"gb-text\">Book my seat<\/span><span class=\"gb-shape\"><svg viewbox=\"0 0 256 256\" height=\"32\" width=\"32\" xmlns=\"http:\/\/www.w3.org\/2000\/svg\"><path d=\"M224.49,136.49l-72,72a12,12,0,0,1-17-17L187,140H40a12,12,0,0,1,0-24H187L135.51,64.48a12,12,0,0,1,17-17l72,72A12,12,0,0,1,224.49,136.49Z\"><\/path><\/svg><\/span><\/a>\n<\/div>\n\n\n\n<div>\n<img decoding=\"async\" class=\"gb-media-4c84d8bc\" src=\"https:\/\/www.www.www.www.www.www.www.www.www.www.www.www.www.www.www.www.www.www.www.www.bruine-beer.com\/wp-content\/uploads\/2025\/02\/man-on-sailboat-2023-11-27-05-21-00-utc.webp\"\/>\n<\/div>\n<\/div>\n<\/div>\n<\/div>\n<\/div>\n<\/div>\n<\/div>\n<\/div>\n\n\n\n<p><\/p>","protected":false},"excerpt":{"rendered":"<p>D\u00e9couvrez les Calanques \u00e0 bord du Bruine Beer Embarquement L\u2019embarquement se fera au quai d\u2019honneur devant l\u2019h\u00f4tel de ville de Marseille. Les passagers doivent se rendre au point de rendez-vous 15 minutes avant l\u2019embarquement.Tout retard ne sera pas pris en consid\u00e9ration. En cas de non-pr\u00e9sentation \u00e0 l\u2019embarquement, aucun remboursement ne sera accord\u00e9. Circuit Bruine Beer &#8230; <a title=\"Half-day sailing\" class=\"read-more\" href=\"https:\/\/www.bruine-beer.com\/en\/demi-journee-voile\/\" aria-label=\"Read more about Demi-journ\u00e9e voile\">Read more<\/a><\/p>","protected":false},"author":2,"featured_media":0,"parent":0,"menu_order":0,"comment_status":"closed","ping_status":"closed","template":"","meta":{"_uag_custom_page_level_css":"","footnotes":""},"class_list":["post-47464","page","type-page","status-publish"],"yoast_head":"<!-- This site is optimized with the Yoast SEO plugin v27.5 - https:\/\/yoast.com\/product\/yoast-seo-wordpress\/ -->\n<title>Demi-journ\u00e9e voile - Bruine Beer - Location de voilier \u00e0 Marseille<\/title>\n<meta name=\"robots\" content=\"index, follow, max-snippet:-1, max-image-preview:large, max-video-preview:-1\" \/>\n<link rel=\"canonical\" href=\"https:\/\/www.bruine-beer.com\/en\/demi-journee-voile\/\" \/>\n<meta property=\"og:locale\" content=\"en_US\" \/>\n<meta property=\"og:type\" content=\"article\" \/>\n<meta property=\"og:title\" content=\"Demi-journ\u00e9e voile - Bruine Beer - Location de voilier \u00e0 Marseille\" \/>\n<meta property=\"og:description\" content=\"D\u00e9couvrez les Calanques \u00e0 bord du Bruine Beer Embarquement L\u2019embarquement se fera au quai d\u2019honneur devant l\u2019h\u00f4tel de ville de Marseille. Les passagers doivent se rendre au point de rendez-vous 15 minutes avant l\u2019embarquement.Tout retard ne sera pas pris en consid\u00e9ration. En cas de non-pr\u00e9sentation \u00e0 l\u2019embarquement, aucun remboursement ne sera accord\u00e9. Circuit Bruine Beer ... Read more\" \/>\n<meta property=\"og:url\" content=\"https:\/\/www.bruine-beer.com\/en\/demi-journee-voile\/\" \/>\n<meta property=\"og:site_name\" content=\"Bruine Beer - Location de voilier \u00e0 Marseille\" \/>\n<meta property=\"article:modified_time\" content=\"2026-05-04T15:10:50+00:00\" \/>\n<meta property=\"og:image\" content=\"https:\/\/www.www.www.www.www.www.www.www.www.www.www.www.www.www.www.www.www.www.www.www.bruine-beer.com\/wp-content\/uploads\/2025\/04\/journee-calanques.webp\" \/>\n<meta name=\"twitter:card\" content=\"summary_large_image\" \/>\n<meta name=\"twitter:label1\" content=\"Est. reading time\" \/>\n\t<meta name=\"twitter:data1\" content=\"4 minutes\" \/>\n<script type=\"application\/ld+json\" class=\"yoast-schema-graph\">{\"@context\":\"https:\\\/\\\/schema.org\",\"@graph\":[{\"@type\":\"WebPage\",\"@id\":\"https:\\\/\\\/www.bruine-beer.com\\\/demi-journee-voile\\\/\",\"url\":\"https:\\\/\\\/www.bruine-beer.com\\\/demi-journee-voile\\\/\",\"name\":\"Demi-journ\u00e9e voile - Bruine Beer - Location de voilier \u00e0 Marseille\",\"isPartOf\":{\"@id\":\"https:\\\/\\\/www.bruine-beer.com\\\/#website\"},\"primaryImageOfPage\":{\"@id\":\"https:\\\/\\\/www.bruine-beer.com\\\/demi-journee-voile\\\/#primaryimage\"},\"image\":{\"@id\":\"https:\\\/\\\/www.bruine-beer.com\\\/demi-journee-voile\\\/#primaryimage\"},\"thumbnailUrl\":\"https:\\\/\\\/www.www.www.www.www.www.www.www.www.www.www.www.www.www.www.www.www.www.www.www.bruine-beer.com\\\/wp-content\\\/uploads\\\/2025\\\/04\\\/journee-calanques.webp\",\"datePublished\":\"2025-02-19T20:19:50+00:00\",\"dateModified\":\"2026-05-04T15:10:50+00:00\",\"breadcrumb\":{\"@id\":\"https:\\\/\\\/www.bruine-beer.com\\\/demi-journee-voile\\\/#breadcrumb\"},\"inLanguage\":\"en-US\",\"potentialAction\":[{\"@type\":\"ReadAction\",\"target\":[\"https:\\\/\\\/www.bruine-beer.com\\\/demi-journee-voile\\\/\"]}]},{\"@type\":\"ImageObject\",\"inLanguage\":\"en-US\",\"@id\":\"https:\\\/\\\/www.bruine-beer.com\\\/demi-journee-voile\\\/#primaryimage\",\"url\":\"https:\\\/\\\/www.www.www.www.www.www.www.www.www.www.www.www.www.www.www.www.www.www.www.www.bruine-beer.com\\\/wp-content\\\/uploads\\\/2025\\\/04\\\/journee-calanques.webp\",\"contentUrl\":\"https:\\\/\\\/www.www.www.www.www.www.www.www.www.www.www.www.www.www.www.www.www.www.www.www.bruine-beer.com\\\/wp-content\\\/uploads\\\/2025\\\/04\\\/journee-calanques.webp\"},{\"@type\":\"BreadcrumbList\",\"@id\":\"https:\\\/\\\/www.bruine-beer.com\\\/demi-journee-voile\\\/#breadcrumb\",\"itemListElement\":[{\"@type\":\"ListItem\",\"position\":1,\"name\":\"Accueil\",\"item\":\"https:\\\/\\\/www.bruine-beer.com\\\/\"},{\"@type\":\"ListItem\",\"position\":2,\"name\":\"Demi-journ\u00e9e voile\"}]},{\"@type\":\"WebSite\",\"@id\":\"https:\\\/\\\/www.bruine-beer.com\\\/#website\",\"url\":\"https:\\\/\\\/www.bruine-beer.com\\\/\",\"name\":\"Bruine Beer - Location de voilier \u00e0 Marseille\",\"description\":\"\",\"publisher\":{\"@id\":\"https:\\\/\\\/www.bruine-beer.com\\\/#organization\"},\"potentialAction\":[{\"@type\":\"SearchAction\",\"target\":{\"@type\":\"EntryPoint\",\"urlTemplate\":\"https:\\\/\\\/www.bruine-beer.com\\\/?s={search_term_string}\"},\"query-input\":{\"@type\":\"PropertyValueSpecification\",\"valueRequired\":true,\"valueName\":\"search_term_string\"}}],\"inLanguage\":\"en-US\"},{\"@type\":\"Organization\",\"@id\":\"https:\\\/\\\/www.bruine-beer.com\\\/#organization\",\"name\":\"Bruine Beer - Location de voilier \u00e0 Marseille\",\"url\":\"https:\\\/\\\/www.bruine-beer.com\\\/\",\"logo\":{\"@type\":\"ImageObject\",\"inLanguage\":\"en-US\",\"@id\":\"https:\\\/\\\/www.bruine-beer.com\\\/#\\\/schema\\\/logo\\\/image\\\/\",\"url\":\"https:\\\/\\\/www.bruine-beer.com\\\/wp-content\\\/uploads\\\/2025\\\/02\\\/bruinebeer-logo.webp\",\"contentUrl\":\"https:\\\/\\\/www.bruine-beer.com\\\/wp-content\\\/uploads\\\/2025\\\/02\\\/bruinebeer-logo.webp\",\"width\":607,\"height\":281,\"caption\":\"Bruine Beer - Location de voilier \u00e0 Marseille\"},\"image\":{\"@id\":\"https:\\\/\\\/www.bruine-beer.com\\\/#\\\/schema\\\/logo\\\/image\\\/\"}}]}<\/script>\n<!-- \/ Yoast SEO plugin. -->","yoast_head_json":{"title":"Demi-journ\u00e9e voile - Bruine Beer - Location de voilier \u00e0 Marseille","robots":{"index":"index","follow":"follow","max-snippet":"max-snippet:-1","max-image-preview":"max-image-preview:large","max-video-preview":"max-video-preview:-1"},"canonical":"https:\/\/www.bruine-beer.com\/en\/demi-journee-voile\/","og_locale":"en_US","og_type":"article","og_title":"Demi-journ\u00e9e voile - Bruine Beer - Location de voilier \u00e0 Marseille","og_description":"D\u00e9couvrez les Calanques \u00e0 bord du Bruine Beer Embarquement L\u2019embarquement se fera au quai d\u2019honneur devant l\u2019h\u00f4tel de ville de Marseille. Les passagers doivent se rendre au point de rendez-vous 15 minutes avant l\u2019embarquement.Tout retard ne sera pas pris en consid\u00e9ration. En cas de non-pr\u00e9sentation \u00e0 l\u2019embarquement, aucun remboursement ne sera accord\u00e9. Circuit Bruine Beer ... Read more","og_url":"https:\/\/www.bruine-beer.com\/en\/demi-journee-voile\/","og_site_name":"Bruine Beer - Location de voilier \u00e0 Marseille","article_modified_time":"2026-05-04T15:10:50+00:00","og_image":[{"url":"https:\/\/www.www.www.www.www.www.www.www.www.www.www.www.www.www.www.www.www.www.www.www.bruine-beer.com\/wp-content\/uploads\/2025\/04\/journee-calanques.webp","type":"","width":"","height":""}],"twitter_card":"summary_large_image","twitter_misc":{"Est. reading time":"4 minutes"},"schema":{"@context":"https:\/\/schema.org","@graph":[{"@type":"WebPage","@id":"https:\/\/www.bruine-beer.com\/demi-journee-voile\/","url":"https:\/\/www.bruine-beer.com\/demi-journee-voile\/","name":"Demi-journ\u00e9e voile - Bruine Beer - Location de voilier \u00e0 Marseille","isPartOf":{"@id":"https:\/\/www.bruine-beer.com\/#website"},"primaryImageOfPage":{"@id":"https:\/\/www.bruine-beer.com\/demi-journee-voile\/#primaryimage"},"image":{"@id":"https:\/\/www.bruine-beer.com\/demi-journee-voile\/#primaryimage"},"thumbnailUrl":"https:\/\/www.www.www.www.www.www.www.www.www.www.www.www.www.www.www.www.www.www.www.www.bruine-beer.com\/wp-content\/uploads\/2025\/04\/journee-calanques.webp","datePublished":"2025-02-19T20:19:50+00:00","dateModified":"2026-05-04T15:10:50+00:00","breadcrumb":{"@id":"https:\/\/www.bruine-beer.com\/demi-journee-voile\/#breadcrumb"},"inLanguage":"en-US","potentialAction":[{"@type":"ReadAction","target":["https:\/\/www.bruine-beer.com\/demi-journee-voile\/"]}]},{"@type":"ImageObject","inLanguage":"en-US","@id":"https:\/\/www.bruine-beer.com\/demi-journee-voile\/#primaryimage","url":"https:\/\/www.www.www.www.www.www.www.www.www.www.www.www.www.www.www.www.www.www.www.www.bruine-beer.com\/wp-content\/uploads\/2025\/04\/journee-calanques.webp","contentUrl":"https:\/\/www.www.www.www.www.www.www.www.www.www.www.www.www.www.www.www.www.www.www.www.bruine-beer.com\/wp-content\/uploads\/2025\/04\/journee-calanques.webp"},{"@type":"BreadcrumbList","@id":"https:\/\/www.bruine-beer.com\/demi-journee-voile\/#breadcrumb","itemListElement":[{"@type":"ListItem","position":1,"name":"Accueil","item":"https:\/\/www.bruine-beer.com\/"},{"@type":"ListItem","position":2,"name":"Demi-journ\u00e9e voile"}]},{"@type":"WebSite","@id":"https:\/\/www.bruine-beer.com\/#website","url":"https:\/\/www.bruine-beer.com\/","name":"Bruine Beer - Location de voilier \u00e0 Marseille","description":"","publisher":{"@id":"https:\/\/www.bruine-beer.com\/#organization"},"potentialAction":[{"@type":"SearchAction","target":{"@type":"EntryPoint","urlTemplate":"https:\/\/www.bruine-beer.com\/?s={search_term_string}"},"query-input":{"@type":"PropertyValueSpecification","valueRequired":true,"valueName":"search_term_string"}}],"inLanguage":"en-US"},{"@type":"Organization","@id":"https:\/\/www.bruine-beer.com\/#organization","name":"Bruine Beer - Location de voilier \u00e0 Marseille","url":"https:\/\/www.bruine-beer.com\/","logo":{"@type":"ImageObject","inLanguage":"en-US","@id":"https:\/\/www.bruine-beer.com\/#\/schema\/logo\/image\/","url":"https:\/\/www.bruine-beer.com\/wp-content\/uploads\/2025\/02\/bruinebeer-logo.webp","contentUrl":"https:\/\/www.bruine-beer.com\/wp-content\/uploads\/2025\/02\/bruinebeer-logo.webp","width":607,"height":281,"caption":"Bruine Beer - Location de voilier \u00e0 Marseille"},"image":{"@id":"https:\/\/www.bruine-beer.com\/#\/schema\/logo\/image\/"}}]}},"uagb_featured_image_src":{"full":false,"thumbnail":false,"medium":false,"medium_large":false,"large":false,"1536x1536":false,"2048x2048":false,"trp-custom-language-flag":false},"uagb_author_info":{"display_name":"Wendy","author_link":"https:\/\/www.bruine-beer.com\/en\/author\/wendy\/"},"uagb_comment_info":0,"uagb_excerpt":"D\u00e9couvrez les Calanques \u00e0 bord du Bruine Beer Embarquement L\u2019embarquement se fera au quai d\u2019honneur devant l\u2019h\u00f4tel de ville de Marseille. Les passagers doivent se rendre au point de rendez-vous 15 minutes avant l\u2019embarquement.Tout retard ne sera pas pris en consid\u00e9ration. En cas de non-pr\u00e9sentation \u00e0 l\u2019embarquement, aucun remboursement ne sera accord\u00e9. Circuit Bruine Beer&hellip;","_links":{"self":[{"href":"https:\/\/www.bruine-beer.com\/en\/wp-json\/wp\/v2\/pages\/47464","targetHints":{"allow":["GET"]}}],"collection":[{"href":"https:\/\/www.bruine-beer.com\/en\/wp-json\/wp\/v2\/pages"}],"about":[{"href":"https:\/\/www.bruine-beer.com\/en\/wp-json\/wp\/v2\/types\/page"}],"author":[{"embeddable":true,"href":"https:\/\/www.bruine-beer.com\/en\/wp-json\/wp\/v2\/users\/2"}],"replies":[{"embeddable":true,"href":"https:\/\/www.bruine-beer.com\/en\/wp-json\/wp\/v2\/comments?post=47464"}],"version-history":[{"count":15,"href":"https:\/\/www.bruine-beer.com\/en\/wp-json\/wp\/v2\/pages\/47464\/revisions"}],"predecessor-version":[{"id":48633,"href":"https:\/\/www.bruine-beer.com\/en\/wp-json\/wp\/v2\/pages\/47464\/revisions\/48633"}],"wp:attachment":[{"href":"https:\/\/www.bruine-beer.com\/en\/wp-json\/wp\/v2\/media?parent=47464"}],"curies":[{"name":"wp","href":"https:\/\/api.w.org\/{rel}","templated":true}]}}