{"id":47681,"date":"2025-02-24T09:16:17","date_gmt":"2025-02-24T09:16:17","guid":{"rendered":"https:\/\/bruine-beer.com\/?page_id=47681"},"modified":"2025-07-27T11:11:01","modified_gmt":"2025-07-27T11:11:01","slug":"le-voilier","status":"publish","type":"page","link":"https:\/\/www.bruine-beer.com\/en\/le-voilier\/","title":{"rendered":"The sailboat"},"content":{"rendered":"<div class=\"gbp-section gb-element-fbaa8c55\">\n<div class=\"gbp-section__inner gb-element-429df910\">\n<div class=\"gb-element-d43f0761\">\n<div class=\"gb-element-d6214974\">\n<figure class=\"wp-block-gallery has-nested-images columns-2 is-cropped wp-block-gallery-1 is-layout-flex wp-block-gallery-is-layout-flex\">\n<figure class=\"wp-block-image size-large\"><img loading=\"lazy\" decoding=\"async\" width=\"680\" height=\"1024\" data-id=\"47823\" src=\"https:\/\/bruine-beer.com\/wp-content\/uploads\/2025\/02\/capitaines1-680x1024.webp\" alt=\"capitaines bruine beer\" class=\"wp-image-47823\" srcset=\"https:\/\/www.bruine-beer.com\/wp-content\/uploads\/2025\/02\/capitaines1-680x1024.webp 680w, https:\/\/www.bruine-beer.com\/wp-content\/uploads\/2025\/02\/capitaines1-199x300.webp 199w, https:\/\/www.bruine-beer.com\/wp-content\/uploads\/2025\/02\/capitaines1-768x1156.webp 768w, https:\/\/www.bruine-beer.com\/wp-content\/uploads\/2025\/02\/capitaines1.webp 800w\" sizes=\"auto, (max-width: 680px) 100vw, 680px\" \/><\/figure>\n\n\n\n<figure class=\"wp-block-image size-large\"><img loading=\"lazy\" decoding=\"async\" width=\"600\" height=\"450\" data-id=\"48002\" src=\"https:\/\/bruine-beer.com\/wp-content\/uploads\/2025\/04\/capitaines-bruine-beer.webp\" alt=\"\" class=\"wp-image-48002\" srcset=\"https:\/\/www.bruine-beer.com\/wp-content\/uploads\/2025\/04\/capitaines-bruine-beer.webp 600w, https:\/\/www.bruine-beer.com\/wp-content\/uploads\/2025\/04\/capitaines-bruine-beer-300x225.webp 300w\" sizes=\"auto, (max-width: 600px) 100vw, 600px\" \/><\/figure>\n<\/figure>\n<\/div>\n\n\n\n<div>\n<div class=\"gb-element-a5603e48\">\n<div class=\"gb-element-c67a9e77\">\n<span class=\"gb-shape gb-shape-4a9e9308\"><svg version=\"1.2\" xmlns=\"http:\/\/www.w3.org\/2000\/svg\" viewbox=\"0 0 23 22\" width=\"23\" height=\"22\">\n\t<title>quote-svgrepo-com<\/title>\n\t<style>\n\t\t.s02 { fill: #ffffff;stroke: #ffffff } \n\t<\/style>\n\t<g id=\"SVGRepo_bgCarrier\">\n\t<\/g>\n\t<g id=\"SVGRepo_tracerCarrier\">\n\t<\/g>\n\t<g id=\"SVGRepo_iconCarrier\">\n\t\t<path class=\"s02\" d=\"m9.6 3.5l-0.8-1.3c-5.7 3.8-8.8 8.4-8.8 12.2 0 3.6 2.7 5.4 5 5.4 2.8 0 4.9-2.5 4.9-5 0-2.2-1.4-4-3.2-4.7-0.6-0.2-1.1-0.4-1.1-1.3 0-1.1 0.9-2.9 4-5.3zm12.4 0l-0.8-1.3c-5.6 3.8-8.8 8.4-8.8 12.2 0 3.6 2.8 5.4 5 5.4 2.9 0 5-2.5 5-5 0-2.2-1.4-4-3.3-4.7-0.5-0.2-1-0.4-1-1.3 0-1.1 0.9-2.9 3.9-5.3z\"><\/path>\n\t<\/g>\n<\/svg><\/span>\n<\/div>\n\n\n\n<div>\n<h3 class=\"gb-text gb-text-dc83aea5\">ATTILIO CAPITAINE<\/h3>\n\n\n\n<p class=\"gb-text gb-text-9d440cb5\"><em><em>Captain since 2007<\/em><\/em><\/p>\n\n\n\n<p class=\"gb-text gb-text-7547c638\"><\/p>\n<\/div>\n<\/div>\n\n\n\n<div class=\"gb-element-e82f7255\">\n<div class=\"gb-element-1e8e8676\">\n<span class=\"gb-shape gb-shape-3f552f69\"><svg version=\"1.2\" xmlns=\"http:\/\/www.w3.org\/2000\/svg\" viewbox=\"0 0 23 22\" width=\"23\" height=\"22\">\n\t<title>quote-svgrepo-com<\/title>\n\t<style>\n\t\t.s02 { fill: #ffffff;stroke: #ffffff } \n\t<\/style>\n\t<g id=\"SVGRepo_bgCarrier\">\n\t<\/g>\n\t<g id=\"SVGRepo_tracerCarrier\">\n\t<\/g>\n\t<g id=\"SVGRepo_iconCarrier\">\n\t\t<path class=\"s02\" d=\"m9.6 3.5l-0.8-1.3c-5.7 3.8-8.8 8.4-8.8 12.2 0 3.6 2.7 5.4 5 5.4 2.8 0 4.9-2.5 4.9-5 0-2.2-1.4-4-3.2-4.7-0.6-0.2-1.1-0.4-1.1-1.3 0-1.1 0.9-2.9 4-5.3zm12.4 0l-0.8-1.3c-5.6 3.8-8.8 8.4-8.8 12.2 0 3.6 2.8 5.4 5 5.4 2.9 0 5-2.5 5-5 0-2.2-1.4-4-3.3-4.7-0.5-0.2-1-0.4-1-1.3 0-1.1 0.9-2.9 3.9-5.3z\"><\/path>\n\t<\/g>\n<\/svg><\/span>\n<\/div>\n\n\n\n<div>\n<h3 class=\"gb-text gb-text-c73f519b\">ALEXIS CAPITAINE<\/h3>\n\n\n\n<p class=\"gb-text gb-text-fd311cf3\"><em><em>Captain since 2013<\/em><\/em><\/p>\n\n\n\n<p class=\"gb-text gb-text-b60b65f1\"><\/p>\n<\/div>\n<\/div>\n\n\n\n<div class=\"gb-element-c30904c2\">\n<div class=\"gb-element-2a24710f\">\n<span class=\"gb-shape gb-shape-a23710cd\"><svg version=\"1.2\" xmlns=\"http:\/\/www.w3.org\/2000\/svg\" viewbox=\"0 0 23 22\" width=\"23\" height=\"22\">\n\t<title>quote-svgrepo-com<\/title>\n\t<style>\n\t\t.s02 { fill: #ffffff;stroke: #ffffff } \n\t<\/style>\n\t<g id=\"SVGRepo_bgCarrier\">\n\t<\/g>\n\t<g id=\"SVGRepo_tracerCarrier\">\n\t<\/g>\n\t<g id=\"SVGRepo_iconCarrier\">\n\t\t<path class=\"s02\" d=\"m9.6 3.5l-0.8-1.3c-5.7 3.8-8.8 8.4-8.8 12.2 0 3.6 2.7 5.4 5 5.4 2.8 0 4.9-2.5 4.9-5 0-2.2-1.4-4-3.2-4.7-0.6-0.2-1.1-0.4-1.1-1.3 0-1.1 0.9-2.9 4-5.3zm12.4 0l-0.8-1.3c-5.6 3.8-8.8 8.4-8.8 12.2 0 3.6 2.8 5.4 5 5.4 2.9 0 5-2.5 5-5 0-2.2-1.4-4-3.3-4.7-0.5-0.2-1-0.4-1-1.3 0-1.1 0.9-2.9 3.9-5.3z\"><\/path>\n\t<\/g>\n<\/svg><\/span>\n<\/div>\n\n\n\n<div>\n<h3 class=\"gb-text gb-text-578203d2\">THIBAULT CAPITAINE<\/h3>\n\n\n\n<p class=\"gb-text gb-text-2b15159a\"><em>Captain since 2020<\/em><\/p>\n\n\n\n<p class=\"gb-text gb-text-6e5cd3d8\">\u00ab\u00a0<em>Bruine Beer is the blossoming of a friendship, the work of a team.<\/em>\u00ab\u00a0<\/p>\n<\/div>\n<\/div>\n\n\n\n<div class=\"gb-element-a5e0913f\">\n<div class=\"gb-element-f894b875\">\n<span class=\"gb-shape gb-shape-f2011e09\"><svg version=\"1.2\" xmlns=\"http:\/\/www.w3.org\/2000\/svg\" viewbox=\"0 0 23 22\" width=\"23\" height=\"22\">\n\t<title>quote-svgrepo-com<\/title>\n\t<style>\n\t\t.s02 { fill: #ffffff;stroke: #ffffff } \n\t<\/style>\n\t<g id=\"SVGRepo_bgCarrier\">\n\t<\/g>\n\t<g id=\"SVGRepo_tracerCarrier\">\n\t<\/g>\n\t<g id=\"SVGRepo_iconCarrier\">\n\t\t<path class=\"s02\" d=\"m9.6 3.5l-0.8-1.3c-5.7 3.8-8.8 8.4-8.8 12.2 0 3.6 2.7 5.4 5 5.4 2.8 0 4.9-2.5 4.9-5 0-2.2-1.4-4-3.2-4.7-0.6-0.2-1.1-0.4-1.1-1.3 0-1.1 0.9-2.9 4-5.3zm12.4 0l-0.8-1.3c-5.6 3.8-8.8 8.4-8.8 12.2 0 3.6 2.8 5.4 5 5.4 2.9 0 5-2.5 5-5 0-2.2-1.4-4-3.3-4.7-0.5-0.2-1-0.4-1-1.3 0-1.1 0.9-2.9 3.9-5.3z\"><\/path>\n\t<\/g>\n<\/svg><\/span>\n<\/div>\n\n\n\n<div>\n<h3 class=\"gb-text gb-text-c8eb0a42\">FABIO CAPITAINE<\/h3>\n\n\n\n<p class=\"gb-text gb-text-4f786875\"><em><em>Captain since 2021<\/em><\/em><\/p>\n\n\n\n<p class=\"gb-text gb-text-86416630\"><em>\u00ab Being captain aboard the Alliance schooner gives me the opportunity to continue living my passion, but also to share it with others. \u00a0\u00bb<\/em><\/p>\n<\/div>\n<\/div>\n<\/div>\n<\/div>\n<\/div>\n<\/div>\n\n\n\n<div class=\"gbp-section gb-element-4822f2bb\">\n<div class=\"gbp-section__inner gb-element-bdb4d0c7\"><p>[elfsight_portfolio id=\u00a0\u00bb2&Prime;]<\/p>\n<\/div>\n<\/div>\n\n\n\n<div class=\"gbp-section gb-element-9f490223\">\n<div class=\"gbp-section__inner gb-element-666f18ab\">\n<div class=\"gb-element-7a480557\">\n<div class=\"gb-tabs gb-tabs-473107df\" data-opened-tab=\"1\">\n<div class=\"gb-tabs__menu gb-tabs__menu-e272d078\" role=\"list\">\n<div tabindex=\"0\" class=\"gb-tabs__menu-item gb-tabs__menu-item-64e9f6c2 gb-block-is-current\" role=\"tab\" id=\"gb-tab-menu-item-64e9f6c2\">\n<span class=\"gb-text\">Its History<\/span>\n<\/div>\n\n\n\n<div tabindex=\"0\" class=\"gb-tabs__menu-item gb-tabs__menu-item-658e3e70\" role=\"tab\" id=\"gb-tab-menu-item-658e3e70\">\n<span class=\"gb-text\">Technical specifications<\/span>\n<\/div>\n<\/div>\n\n\n\n<div class=\"gb-tabs__items gb-tabs__items-c17eb60a\" role=\"tabpanel\">\n<div class=\"gb-tabs__item gb-tabs__item-open\" id=\"gb-tab-item-19d43c46\">\n<div class=\"gb-element-b32ae427\">\n<div>\n<h2 class=\"gb-text gb-text-aa093f4e\">History of Bruine Beer<\/h2>\n\n\n\n<p>It all began with Mr. Dick Van Dijk, a passionate lover of the sea, who had a sailing ship built in the Netherlands in the purest tradition of Dutch wooden boats: a majestic \u201clogger.\u201d Designed by renowned naval architect Olivier Van Meer\u2014who is notably responsible for the sublime Royal Clippers\u2014this sailboat embodies elegance, speed, and comfort, an exceptional vessel built for adventure.<\/p>\n\n\n\n<p>Driven by a dream, Dick imagines a boat capable of sailing around the world, a faithful companion to sail alongside his wife, combining tradition and performance.<\/p>\n\n\n\n<p>Years later, in 2024, our team, searching for a new classic sailboat to add to our fleet, came across an advertisement for this boat for sale. Unexpectedly, we won the auction... And so began a great adventure: bringing this gem back to Marseille.<\/p>\n\n\n\n<p class=\"translation-block\">After a full year of hard work to restore it to its former glory, we are now proud to present our <strong>BB<\/strong> (Bruine Beer). Ready to set sail once again, it\u2019s waiting for you in Marseille to write the next chapters of its story together.<\/p>\n\n\n\n<a class=\"gbp-button--tertiary gb-text-2b22a284\" href=\"#reservation\"><span class=\"gb-text\">Book my seat<\/span><span class=\"gb-shape\"><svg viewbox=\"0 0 256 256\" height=\"32\" width=\"32\" xmlns=\"http:\/\/www.w3.org\/2000\/svg\"><path d=\"M224.49,136.49l-72,72a12,12,0,0,1-17-17L187,140H40a12,12,0,0,1,0-24H187L135.51,64.48a12,12,0,0,1,17-17l72,72A12,12,0,0,1,224.49,136.49Z\"><\/path><\/svg><\/span><\/a>\n<\/div>\n\n\n\n<div>\n<img loading=\"lazy\" decoding=\"async\" width=\"600\" height=\"400\" class=\"gb-media-ff26c978\" src=\"https:\/\/bruine-beer.com\/wp-content\/uploads\/2025\/03\/journee-calanques-voilier.webp\" alt=\"journ\u00e9e calanques voilier\" title=\"journee-calanques-voilier\" srcset=\"https:\/\/www.bruine-beer.com\/wp-content\/uploads\/2025\/03\/journee-calanques-voilier.webp 600w, https:\/\/www.bruine-beer.com\/wp-content\/uploads\/2025\/03\/journee-calanques-voilier-300x200.webp 300w\" sizes=\"auto, (max-width: 600px) 100vw, 600px\" \/>\n<\/div>\n<\/div>\n<\/div>\n\n\n\n<div class=\"gb-tabs__item\" id=\"gb-tab-item-f1f7f5d3\">\n<div class=\"gb-element-30e76adb\">\n<div class=\"gb-element-a790248b\">\n<h2 class=\"gb-text gb-text-444f2f12\">Technical specifications<\/h2>\n\n\n\n<div class=\"gb-element-e17b280f\">\n<figure class=\"wp-block-table is-style-regular has-small-font-size\"><table class=\"has-base-3-background-color has-background has-fixed-layout\"><tbody><tr><td>Type &nbsp;<\/td><td>Logger<\/td><\/tr><tr><td>Overall length<\/td><td>16,33 m<\/td><\/tr><tr><td>Width<\/td><td>4,5 m<\/td><\/tr><tr><td>Draft<\/td><td>1,80 m<\/td><\/tr><tr><td>Travel<\/td><td>33 tons<\/td><\/tr><tr><td>Bridge<\/td><td>Teck<\/td><\/tr><tr><td>Shell<\/td><td>Oak<\/td><\/tr><tr><td>Engine<\/td><td>Iveco 150 hp<\/td><\/tr><tr><td>Cruising speed<\/td><td>7 knots<\/td><\/tr><tr><td>Wing area<\/td><td>110 m2 . 180 m2<\/td><\/tr><\/tbody><\/table><\/figure>\n<\/div>\n\n\n\n<a class=\"gbp-button--tertiary gb-text-9cf23696\" href=\"#reservation\"><span class=\"gb-text\">Book my seat<\/span><span class=\"gb-shape\"><svg viewbox=\"0 0 256 256\" height=\"32\" width=\"32\" xmlns=\"http:\/\/www.w3.org\/2000\/svg\"><path d=\"M224.49,136.49l-72,72a12,12,0,0,1-17-17L187,140H40a12,12,0,0,1,0-24H187L135.51,64.48a12,12,0,0,1,17-17l72,72A12,12,0,0,1,224.49,136.49Z\"><\/path><\/svg><\/span><\/a>\n<\/div>\n<\/div>\n<\/div>\n<\/div>\n<\/div>\n<\/div>\n\n\n\n<h2 class=\"gb-text gb-text-3dc29de7\">Sailboat rental in Marseille<\/h2>\n\n\n\n<p>The Marseille region, rich in exceptional landscapes and natural sites, is the ideal place for a getaway at sea. Whether for a day or a longer stay, renting a sailboat with a skipper guarantees you a unique and memorable experience. Discover the advantages of renting a sailboat in Marseille, as well as the must-do activities to include in your personalized cruise.<\/p>\n\n\n\n<h3 class=\"gb-text\">The advantages of a sailing cruise with a skipper<\/h3>\n\n\n\n<p>To fully enjoy the treasures of the Mediterranean coast, there's nothing like a sailing trip. Go\u00e9lette \u00e0 Marseille stands out for its many personalized services :&nbsp;<\/p>\n\n\n\n<ul class=\"wp-block-list\">\n<li>Full service : the skipper, an experienced professional, manages the sailing of the boat throughout your cruise, allowing you to relax and enjoy the scenery.<\/li>\n\n\n\n<li>A tailor-made itinerary : the skipper knows the region inside out and will be able to advise you on the best places to visit based on your preferences and the length of your stay.<\/li>\n\n\n\n<li>Safety skills : the skipper is trained to ensure your safety on the sailboat and during the various stops.<\/li>\n\n\n\n<li>Friendly support : the skipper is also there to share his passion for sailing and the Marseille region with you, making your cruise even more enriching.<\/li>\n<\/ul>\n\n\n\n<h3 class=\"gb-text\">The must-sees on a sailing cruise departing from Marseille<\/h3>\n\n\n\n<p>During your stay at sea, there are several remarkable sites to visit. Here are a few suggestions to ensure that your sailing cruise from Marseille is full of discoveries :<\/p>\n\n\n\n<h3 class=\"gb-text\">The Calanques National Park<\/h3>\n\n\n\n<p>Located between Marseille and Cassis, this natural park is a true jewel of the Mediterranean. Its steep cliffs, turquoise coves, and diverse flora and fauna make the calanques an ideal place to stop during your sailing cruise. Among the most famous, be sure to explore the calanques of Sormiou, Morgiou, and En-Vau.<\/p>\n\n\n\n<h3 class=\"gb-text\">The Frioul Islands<\/h3>\n\n\n\n<p>Comprising four islands, the Frioul archipelago is located just a few kilometers from Marseille. During your sailing cruise, stop off at one of these islands and enjoy the beaches with their crystal-clear waters. Don't hesitate to discover the island of If and its famous castle, immortalized by Alexandre Dumas in his novel \u00ab The Count of Monte Cristo \u00bb.<\/p>\n\n\n\n<h3 class=\"gb-text\">The Blue Coast<\/h3>\n\n\n\n<p>Stretching from Marseille to Martigues, the C\u00f4te Bleue is a true paradise for sailing enthusiasts. Its wild coves, sandy beaches, and picturesque fishing villages are well worth a visit. Stop off at Carry-le-Rouet or Sausset-les-Pins for a swim and a relaxing break in the heart of an unspoiled environment.<\/p>\n\n\n\n<h3 class=\"gb-text\">Activities on board during your sailboat rental in Marseille<\/h3>\n\n\n\n<p>In addition to the magnificent sites to discover, renting a sailboat with a skipper also allows you to enjoy many activities at sea :<\/p>\n\n\n\n<ul class=\"wp-block-list\">\n<li>Swimming and snorkeling : enjoy the crystal-clear waters of the Mediterranean to cool off and observe marine life with a mask and snorkel.<\/li>\n\n\n\n<li>Fishing : learn how to fish at sea under the expert guidance of your skipper, and enjoy your catch of the day during a convivial barbecue on the sailboat.<\/li>\n\n\n\n<li>Relaxation : bask in the sun and listen to the lapping of the waves on the deck of the sailboat, and admire the exceptional panorama offered by the Mediterranean coast.<\/li>\n\n\n\n<li>Introduction to sailing : if you would like to learn more about sailing, your skipper will be happy to share their knowledge with you and teach you the basics.<\/li>\n<\/ul>\n\n\n\n<p>In conclusion, renting a sailboat in Marseille with a skipper is the ideal option for discovering the wonders of the Mediterranean coast. Whether for a day or a longer stay, this unique experience will leave you with unforgettable memories.<\/p>\n<\/div>\n<\/div>","protected":false},"excerpt":{"rendered":"<p>ATTILIO CAPITAINE Capitaine depuis 2007 ALEXIS CAPITAINE Capitaine depuis 2013 THIBAULT CAPITAINE Capitaine depuis 2020 \u00ab\u00a0Bruine Beer, c\u2019est l&rsquo;\u00e9closion d\u2019une amiti\u00e9, le travail d\u2019une \u00e9quipe.\u00ab\u00a0 FABIO CAPITAINE Capitaine depuis 2021 \u00ab\u00a0\u00catre capitaine \u00e0 bord de la Go\u00e9lette Alliance repr\u00e9sente pour moi une chance de continuer \u00e0 vivre de ma passion mais aussi de la partager\u00a0\u00bb &#8230; <a title=\"The sailboat\" class=\"read-more\" href=\"https:\/\/www.bruine-beer.com\/en\/le-voilier\/\" aria-label=\"Read more about Le voilier\">Read more<\/a><\/p>","protected":false},"author":2,"featured_media":0,"parent":0,"menu_order":0,"comment_status":"closed","ping_status":"closed","template":"","meta":{"_uag_custom_page_level_css":"","footnotes":""},"class_list":["post-47681","page","type-page","status-publish"],"yoast_head":"<!-- This site is optimized with the Yoast SEO plugin v27.5 - https:\/\/yoast.com\/product\/yoast-seo-wordpress\/ -->\n<title>Le voilier - Bruine Beer - Location de voilier \u00e0 Marseille<\/title>\n<meta name=\"robots\" content=\"index, follow, max-snippet:-1, max-image-preview:large, max-video-preview:-1\" \/>\n<link rel=\"canonical\" href=\"https:\/\/www.bruine-beer.com\/en\/le-voilier\/\" \/>\n<meta property=\"og:locale\" content=\"en_US\" \/>\n<meta property=\"og:type\" content=\"article\" \/>\n<meta property=\"og:title\" content=\"Le voilier - Bruine Beer - Location de voilier \u00e0 Marseille\" \/>\n<meta property=\"og:description\" content=\"ATTILIO CAPITAINE Capitaine depuis 2007 ALEXIS CAPITAINE Capitaine depuis 2013 THIBAULT CAPITAINE Capitaine depuis 2020 \u00ab\u00a0Bruine Beer, c\u2019est l&rsquo;\u00e9closion d\u2019une amiti\u00e9, le travail d\u2019une \u00e9quipe.\u00ab\u00a0 FABIO CAPITAINE Capitaine depuis 2021 \u00ab\u00a0\u00catre capitaine \u00e0 bord de la Go\u00e9lette Alliance repr\u00e9sente pour moi une chance de continuer \u00e0 vivre de ma passion mais aussi de la partager\u00a0\u00bb ... Read more\" \/>\n<meta property=\"og:url\" content=\"https:\/\/www.bruine-beer.com\/en\/le-voilier\/\" \/>\n<meta property=\"og:site_name\" content=\"Bruine Beer - Location de voilier \u00e0 Marseille\" \/>\n<meta property=\"article:modified_time\" content=\"2025-07-27T11:11:01+00:00\" \/>\n<meta property=\"og:image\" content=\"https:\/\/www.bruine-beer.com\/wp-content\/uploads\/2025\/02\/capitaines1.webp\" \/>\n\t<meta property=\"og:image:width\" content=\"800\" \/>\n\t<meta property=\"og:image:height\" content=\"1204\" \/>\n\t<meta property=\"og:image:type\" content=\"image\/webp\" \/>\n<meta name=\"twitter:card\" content=\"summary_large_image\" \/>\n<meta name=\"twitter:label1\" content=\"Est. reading time\" \/>\n\t<meta name=\"twitter:data1\" content=\"6 minutes\" \/>\n<script type=\"application\/ld+json\" class=\"yoast-schema-graph\">{\"@context\":\"https:\\\/\\\/schema.org\",\"@graph\":[{\"@type\":\"WebPage\",\"@id\":\"https:\\\/\\\/www.bruine-beer.com\\\/le-voilier\\\/\",\"url\":\"https:\\\/\\\/www.bruine-beer.com\\\/le-voilier\\\/\",\"name\":\"Le voilier - Bruine Beer - Location de voilier \u00e0 Marseille\",\"isPartOf\":{\"@id\":\"https:\\\/\\\/www.bruine-beer.com\\\/#website\"},\"primaryImageOfPage\":{\"@id\":\"https:\\\/\\\/www.bruine-beer.com\\\/le-voilier\\\/#primaryimage\"},\"image\":{\"@id\":\"https:\\\/\\\/www.bruine-beer.com\\\/le-voilier\\\/#primaryimage\"},\"thumbnailUrl\":\"https:\\\/\\\/bruine-beer.com\\\/wp-content\\\/uploads\\\/2025\\\/02\\\/capitaines1-680x1024.webp\",\"datePublished\":\"2025-02-24T09:16:17+00:00\",\"dateModified\":\"2025-07-27T11:11:01+00:00\",\"breadcrumb\":{\"@id\":\"https:\\\/\\\/www.bruine-beer.com\\\/le-voilier\\\/#breadcrumb\"},\"inLanguage\":\"en-US\",\"potentialAction\":[{\"@type\":\"ReadAction\",\"target\":[\"https:\\\/\\\/www.bruine-beer.com\\\/le-voilier\\\/\"]}]},{\"@type\":\"ImageObject\",\"inLanguage\":\"en-US\",\"@id\":\"https:\\\/\\\/www.bruine-beer.com\\\/le-voilier\\\/#primaryimage\",\"url\":\"https:\\\/\\\/bruine-beer.com\\\/wp-content\\\/uploads\\\/2025\\\/02\\\/capitaines1-680x1024.webp\",\"contentUrl\":\"https:\\\/\\\/bruine-beer.com\\\/wp-content\\\/uploads\\\/2025\\\/02\\\/capitaines1-680x1024.webp\"},{\"@type\":\"BreadcrumbList\",\"@id\":\"https:\\\/\\\/www.bruine-beer.com\\\/le-voilier\\\/#breadcrumb\",\"itemListElement\":[{\"@type\":\"ListItem\",\"position\":1,\"name\":\"Accueil\",\"item\":\"https:\\\/\\\/www.bruine-beer.com\\\/\"},{\"@type\":\"ListItem\",\"position\":2,\"name\":\"Le voilier\"}]},{\"@type\":\"WebSite\",\"@id\":\"https:\\\/\\\/www.bruine-beer.com\\\/#website\",\"url\":\"https:\\\/\\\/www.bruine-beer.com\\\/\",\"name\":\"Bruine Beer - Location de voilier \u00e0 Marseille\",\"description\":\"\",\"publisher\":{\"@id\":\"https:\\\/\\\/www.bruine-beer.com\\\/#organization\"},\"potentialAction\":[{\"@type\":\"SearchAction\",\"target\":{\"@type\":\"EntryPoint\",\"urlTemplate\":\"https:\\\/\\\/www.bruine-beer.com\\\/?s={search_term_string}\"},\"query-input\":{\"@type\":\"PropertyValueSpecification\",\"valueRequired\":true,\"valueName\":\"search_term_string\"}}],\"inLanguage\":\"en-US\"},{\"@type\":\"Organization\",\"@id\":\"https:\\\/\\\/www.bruine-beer.com\\\/#organization\",\"name\":\"Bruine Beer - Location de voilier \u00e0 Marseille\",\"url\":\"https:\\\/\\\/www.bruine-beer.com\\\/\",\"logo\":{\"@type\":\"ImageObject\",\"inLanguage\":\"en-US\",\"@id\":\"https:\\\/\\\/www.bruine-beer.com\\\/#\\\/schema\\\/logo\\\/image\\\/\",\"url\":\"https:\\\/\\\/www.bruine-beer.com\\\/wp-content\\\/uploads\\\/2025\\\/02\\\/bruinebeer-logo.webp\",\"contentUrl\":\"https:\\\/\\\/www.bruine-beer.com\\\/wp-content\\\/uploads\\\/2025\\\/02\\\/bruinebeer-logo.webp\",\"width\":607,\"height\":281,\"caption\":\"Bruine Beer - Location de voilier \u00e0 Marseille\"},\"image\":{\"@id\":\"https:\\\/\\\/www.bruine-beer.com\\\/#\\\/schema\\\/logo\\\/image\\\/\"}}]}<\/script>\n<!-- \/ Yoast SEO plugin. -->","yoast_head_json":{"title":"Le voilier - Bruine Beer - Location de voilier \u00e0 Marseille","robots":{"index":"index","follow":"follow","max-snippet":"max-snippet:-1","max-image-preview":"max-image-preview:large","max-video-preview":"max-video-preview:-1"},"canonical":"https:\/\/www.bruine-beer.com\/en\/le-voilier\/","og_locale":"en_US","og_type":"article","og_title":"Le voilier - Bruine Beer - Location de voilier \u00e0 Marseille","og_description":"ATTILIO CAPITAINE Capitaine depuis 2007 ALEXIS CAPITAINE Capitaine depuis 2013 THIBAULT CAPITAINE Capitaine depuis 2020 \u00ab\u00a0Bruine Beer, c\u2019est l&rsquo;\u00e9closion d\u2019une amiti\u00e9, le travail d\u2019une \u00e9quipe.\u00ab\u00a0 FABIO CAPITAINE Capitaine depuis 2021 \u00ab\u00a0\u00catre capitaine \u00e0 bord de la Go\u00e9lette Alliance repr\u00e9sente pour moi une chance de continuer \u00e0 vivre de ma passion mais aussi de la partager\u00a0\u00bb ... Read more","og_url":"https:\/\/www.bruine-beer.com\/en\/le-voilier\/","og_site_name":"Bruine Beer - Location de voilier \u00e0 Marseille","article_modified_time":"2025-07-27T11:11:01+00:00","og_image":[{"width":800,"height":1204,"url":"https:\/\/www.bruine-beer.com\/wp-content\/uploads\/2025\/02\/capitaines1.webp","type":"image\/webp"}],"twitter_card":"summary_large_image","twitter_misc":{"Est. reading time":"6 minutes"},"schema":{"@context":"https:\/\/schema.org","@graph":[{"@type":"WebPage","@id":"https:\/\/www.bruine-beer.com\/le-voilier\/","url":"https:\/\/www.bruine-beer.com\/le-voilier\/","name":"Le voilier - Bruine Beer - Location de voilier \u00e0 Marseille","isPartOf":{"@id":"https:\/\/www.bruine-beer.com\/#website"},"primaryImageOfPage":{"@id":"https:\/\/www.bruine-beer.com\/le-voilier\/#primaryimage"},"image":{"@id":"https:\/\/www.bruine-beer.com\/le-voilier\/#primaryimage"},"thumbnailUrl":"https:\/\/bruine-beer.com\/wp-content\/uploads\/2025\/02\/capitaines1-680x1024.webp","datePublished":"2025-02-24T09:16:17+00:00","dateModified":"2025-07-27T11:11:01+00:00","breadcrumb":{"@id":"https:\/\/www.bruine-beer.com\/le-voilier\/#breadcrumb"},"inLanguage":"en-US","potentialAction":[{"@type":"ReadAction","target":["https:\/\/www.bruine-beer.com\/le-voilier\/"]}]},{"@type":"ImageObject","inLanguage":"en-US","@id":"https:\/\/www.bruine-beer.com\/le-voilier\/#primaryimage","url":"https:\/\/bruine-beer.com\/wp-content\/uploads\/2025\/02\/capitaines1-680x1024.webp","contentUrl":"https:\/\/bruine-beer.com\/wp-content\/uploads\/2025\/02\/capitaines1-680x1024.webp"},{"@type":"BreadcrumbList","@id":"https:\/\/www.bruine-beer.com\/le-voilier\/#breadcrumb","itemListElement":[{"@type":"ListItem","position":1,"name":"Accueil","item":"https:\/\/www.bruine-beer.com\/"},{"@type":"ListItem","position":2,"name":"Le voilier"}]},{"@type":"WebSite","@id":"https:\/\/www.bruine-beer.com\/#website","url":"https:\/\/www.bruine-beer.com\/","name":"Bruine Beer - Location de voilier \u00e0 Marseille","description":"","publisher":{"@id":"https:\/\/www.bruine-beer.com\/#organization"},"potentialAction":[{"@type":"SearchAction","target":{"@type":"EntryPoint","urlTemplate":"https:\/\/www.bruine-beer.com\/?s={search_term_string}"},"query-input":{"@type":"PropertyValueSpecification","valueRequired":true,"valueName":"search_term_string"}}],"inLanguage":"en-US"},{"@type":"Organization","@id":"https:\/\/www.bruine-beer.com\/#organization","name":"Bruine Beer - Location de voilier \u00e0 Marseille","url":"https:\/\/www.bruine-beer.com\/","logo":{"@type":"ImageObject","inLanguage":"en-US","@id":"https:\/\/www.bruine-beer.com\/#\/schema\/logo\/image\/","url":"https:\/\/www.bruine-beer.com\/wp-content\/uploads\/2025\/02\/bruinebeer-logo.webp","contentUrl":"https:\/\/www.bruine-beer.com\/wp-content\/uploads\/2025\/02\/bruinebeer-logo.webp","width":607,"height":281,"caption":"Bruine Beer - Location de voilier \u00e0 Marseille"},"image":{"@id":"https:\/\/www.bruine-beer.com\/#\/schema\/logo\/image\/"}}]}},"uagb_featured_image_src":{"full":false,"thumbnail":false,"medium":false,"medium_large":false,"large":false,"1536x1536":false,"2048x2048":false,"trp-custom-language-flag":false},"uagb_author_info":{"display_name":"Wendy","author_link":"https:\/\/www.bruine-beer.com\/en\/author\/wendy\/"},"uagb_comment_info":0,"uagb_excerpt":"ATTILIO CAPITAINE Capitaine depuis 2007 ALEXIS CAPITAINE Capitaine depuis 2013 THIBAULT CAPITAINE Capitaine depuis 2020 \u00ab\u00a0Bruine Beer, c\u2019est l&rsquo;\u00e9closion d\u2019une amiti\u00e9, le travail d\u2019une \u00e9quipe.\u00ab\u00a0 FABIO CAPITAINE Capitaine depuis 2021 \u00ab\u00a0\u00catre capitaine \u00e0 bord de la Go\u00e9lette Alliance repr\u00e9sente pour moi une chance de continuer \u00e0 vivre de ma passion mais aussi de la partager\u00a0\u00bb&hellip;","_links":{"self":[{"href":"https:\/\/www.bruine-beer.com\/en\/wp-json\/wp\/v2\/pages\/47681","targetHints":{"allow":["GET"]}}],"collection":[{"href":"https:\/\/www.bruine-beer.com\/en\/wp-json\/wp\/v2\/pages"}],"about":[{"href":"https:\/\/www.bruine-beer.com\/en\/wp-json\/wp\/v2\/types\/page"}],"author":[{"embeddable":true,"href":"https:\/\/www.bruine-beer.com\/en\/wp-json\/wp\/v2\/users\/2"}],"replies":[{"embeddable":true,"href":"https:\/\/www.bruine-beer.com\/en\/wp-json\/wp\/v2\/comments?post=47681"}],"version-history":[{"count":18,"href":"https:\/\/www.bruine-beer.com\/en\/wp-json\/wp\/v2\/pages\/47681\/revisions"}],"predecessor-version":[{"id":48282,"href":"https:\/\/www.bruine-beer.com\/en\/wp-json\/wp\/v2\/pages\/47681\/revisions\/48282"}],"wp:attachment":[{"href":"https:\/\/www.bruine-beer.com\/en\/wp-json\/wp\/v2\/media?parent=47681"}],"curies":[{"name":"wp","href":"https:\/\/api.w.org\/{rel}","templated":true}]}}