{"id":48125,"date":"2025-04-01T13:25:26","date_gmt":"2025-04-01T13:25:26","guid":{"rendered":"https:\/\/bruine-beer.com\/?page_id=48125"},"modified":"2025-07-27T12:02:17","modified_gmt":"2025-07-27T12:02:17","slug":"mentions-legales","status":"publish","type":"page","link":"https:\/\/www.bruine-beer.com\/en\/mentions-legales\/","title":{"rendered":"Terms of use"},"content":{"rendered":"<div class=\"gb-element-df00508c\">\n<h2 class=\"gb-text\">Website owner<\/h2>\n\n\n\n<ul class=\"wp-block-list\">\n<li>ECO-CALANQUES 23 RUE DU QUATRE SEPTEMBRE, 13100 AIX-EN-PROVENCE France<\/li>\n\n\n\n<li>SIRENE : 850484916<\/li>\n\n\n\n<li>Phone : <a href=\"tel:0486682248\">04 86 68 22 48<\/a><\/li>\n\n\n\n<li>E-mail : bb.calanques@gmail.com<\/li>\n<\/ul>\n\n\n\n<h2 class=\"gb-text\">Website host <\/h2>\n\n\n\n<ul class=\"wp-block-list\">\n<li>Hostinger UK Limited &#8211; 6 Lloyds Avenue Suite 4CL London, England EC3N 3AX<\/li>\n<\/ul>\n\n\n\n<p><\/p>\n\n\n\n<p><\/p>\n\n\n\n<h2 class=\"wp-block-heading\">Photo credit<\/h2>\n\n\n\n<ul class=\"wp-block-list\">\n<li>@clemenced_photographie : <a href=\"http:\/\/clemencedphotographie.mypixieset.com\">clemencedphotographie.mypixieset.com<\/a><\/li>\n<\/ul>\n\n\n\n<p><\/p>\n<\/div>","protected":false},"excerpt":{"rendered":"<p>Titulaire du site H\u00e9bergeur du site Cr\u00e9dit photo<\/p>","protected":false},"author":2,"featured_media":0,"parent":0,"menu_order":0,"comment_status":"closed","ping_status":"closed","template":"","meta":{"_uag_custom_page_level_css":"","footnotes":""},"class_list":["post-48125","page","type-page","status-publish"],"yoast_head":"<!-- This site is optimized with the Yoast SEO plugin v27.5 - https:\/\/yoast.com\/product\/yoast-seo-wordpress\/ -->\n<title>Mentions l\u00e9gales - Bruine Beer - Location de voilier \u00e0 Marseille<\/title>\n<meta name=\"robots\" content=\"index, follow, max-snippet:-1, max-image-preview:large, max-video-preview:-1\" \/>\n<link rel=\"canonical\" href=\"https:\/\/www.bruine-beer.com\/en\/mentions-legales\/\" \/>\n<meta property=\"og:locale\" content=\"en_US\" \/>\n<meta property=\"og:type\" content=\"article\" \/>\n<meta property=\"og:title\" content=\"Mentions l\u00e9gales - Bruine Beer - Location de voilier \u00e0 Marseille\" \/>\n<meta property=\"og:description\" content=\"Titulaire du site H\u00e9bergeur du site Cr\u00e9dit photo\" \/>\n<meta property=\"og:url\" content=\"https:\/\/www.bruine-beer.com\/en\/mentions-legales\/\" \/>\n<meta property=\"og:site_name\" content=\"Bruine Beer - Location de voilier \u00e0 Marseille\" \/>\n<meta property=\"article:modified_time\" content=\"2025-07-27T12:02:17+00:00\" \/>\n<meta name=\"twitter:card\" content=\"summary_large_image\" \/>\n<meta name=\"twitter:label1\" content=\"Est. reading time\" \/>\n\t<meta name=\"twitter:data1\" content=\"1 minute\" \/>\n<script type=\"application\/ld+json\" class=\"yoast-schema-graph\">{\"@context\":\"https:\\\/\\\/schema.org\",\"@graph\":[{\"@type\":\"WebPage\",\"@id\":\"https:\\\/\\\/www.bruine-beer.com\\\/mentions-legales\\\/\",\"url\":\"https:\\\/\\\/www.bruine-beer.com\\\/mentions-legales\\\/\",\"name\":\"Mentions l\u00e9gales - Bruine Beer - Location de voilier \u00e0 Marseille\",\"isPartOf\":{\"@id\":\"https:\\\/\\\/www.bruine-beer.com\\\/#website\"},\"datePublished\":\"2025-04-01T13:25:26+00:00\",\"dateModified\":\"2025-07-27T12:02:17+00:00\",\"breadcrumb\":{\"@id\":\"https:\\\/\\\/www.bruine-beer.com\\\/mentions-legales\\\/#breadcrumb\"},\"inLanguage\":\"en-US\",\"potentialAction\":[{\"@type\":\"ReadAction\",\"target\":[\"https:\\\/\\\/www.bruine-beer.com\\\/mentions-legales\\\/\"]}]},{\"@type\":\"BreadcrumbList\",\"@id\":\"https:\\\/\\\/www.bruine-beer.com\\\/mentions-legales\\\/#breadcrumb\",\"itemListElement\":[{\"@type\":\"ListItem\",\"position\":1,\"name\":\"Accueil\",\"item\":\"https:\\\/\\\/www.bruine-beer.com\\\/\"},{\"@type\":\"ListItem\",\"position\":2,\"name\":\"Mentions l\u00e9gales\"}]},{\"@type\":\"WebSite\",\"@id\":\"https:\\\/\\\/www.bruine-beer.com\\\/#website\",\"url\":\"https:\\\/\\\/www.bruine-beer.com\\\/\",\"name\":\"Bruine Beer - Location de voilier \u00e0 Marseille\",\"description\":\"\",\"publisher\":{\"@id\":\"https:\\\/\\\/www.bruine-beer.com\\\/#organization\"},\"potentialAction\":[{\"@type\":\"SearchAction\",\"target\":{\"@type\":\"EntryPoint\",\"urlTemplate\":\"https:\\\/\\\/www.bruine-beer.com\\\/?s={search_term_string}\"},\"query-input\":{\"@type\":\"PropertyValueSpecification\",\"valueRequired\":true,\"valueName\":\"search_term_string\"}}],\"inLanguage\":\"en-US\"},{\"@type\":\"Organization\",\"@id\":\"https:\\\/\\\/www.bruine-beer.com\\\/#organization\",\"name\":\"Bruine Beer - Location de voilier \u00e0 Marseille\",\"url\":\"https:\\\/\\\/www.bruine-beer.com\\\/\",\"logo\":{\"@type\":\"ImageObject\",\"inLanguage\":\"en-US\",\"@id\":\"https:\\\/\\\/www.bruine-beer.com\\\/#\\\/schema\\\/logo\\\/image\\\/\",\"url\":\"https:\\\/\\\/www.bruine-beer.com\\\/wp-content\\\/uploads\\\/2025\\\/02\\\/bruinebeer-logo.webp\",\"contentUrl\":\"https:\\\/\\\/www.bruine-beer.com\\\/wp-content\\\/uploads\\\/2025\\\/02\\\/bruinebeer-logo.webp\",\"width\":607,\"height\":281,\"caption\":\"Bruine Beer - Location de voilier \u00e0 Marseille\"},\"image\":{\"@id\":\"https:\\\/\\\/www.bruine-beer.com\\\/#\\\/schema\\\/logo\\\/image\\\/\"}}]}<\/script>\n<!-- \/ Yoast SEO plugin. -->","yoast_head_json":{"title":"Mentions l\u00e9gales - Bruine Beer - Location de voilier \u00e0 Marseille","robots":{"index":"index","follow":"follow","max-snippet":"max-snippet:-1","max-image-preview":"max-image-preview:large","max-video-preview":"max-video-preview:-1"},"canonical":"https:\/\/www.bruine-beer.com\/en\/mentions-legales\/","og_locale":"en_US","og_type":"article","og_title":"Mentions l\u00e9gales - Bruine Beer - Location de voilier \u00e0 Marseille","og_description":"Titulaire du site H\u00e9bergeur du site Cr\u00e9dit photo","og_url":"https:\/\/www.bruine-beer.com\/en\/mentions-legales\/","og_site_name":"Bruine Beer - Location de voilier \u00e0 Marseille","article_modified_time":"2025-07-27T12:02:17+00:00","twitter_card":"summary_large_image","twitter_misc":{"Est. reading time":"1 minute"},"schema":{"@context":"https:\/\/schema.org","@graph":[{"@type":"WebPage","@id":"https:\/\/www.bruine-beer.com\/mentions-legales\/","url":"https:\/\/www.bruine-beer.com\/mentions-legales\/","name":"Mentions l\u00e9gales - Bruine Beer - Location de voilier \u00e0 Marseille","isPartOf":{"@id":"https:\/\/www.bruine-beer.com\/#website"},"datePublished":"2025-04-01T13:25:26+00:00","dateModified":"2025-07-27T12:02:17+00:00","breadcrumb":{"@id":"https:\/\/www.bruine-beer.com\/mentions-legales\/#breadcrumb"},"inLanguage":"en-US","potentialAction":[{"@type":"ReadAction","target":["https:\/\/www.bruine-beer.com\/mentions-legales\/"]}]},{"@type":"BreadcrumbList","@id":"https:\/\/www.bruine-beer.com\/mentions-legales\/#breadcrumb","itemListElement":[{"@type":"ListItem","position":1,"name":"Accueil","item":"https:\/\/www.bruine-beer.com\/"},{"@type":"ListItem","position":2,"name":"Mentions l\u00e9gales"}]},{"@type":"WebSite","@id":"https:\/\/www.bruine-beer.com\/#website","url":"https:\/\/www.bruine-beer.com\/","name":"Bruine Beer - Location de voilier \u00e0 Marseille","description":"","publisher":{"@id":"https:\/\/www.bruine-beer.com\/#organization"},"potentialAction":[{"@type":"SearchAction","target":{"@type":"EntryPoint","urlTemplate":"https:\/\/www.bruine-beer.com\/?s={search_term_string}"},"query-input":{"@type":"PropertyValueSpecification","valueRequired":true,"valueName":"search_term_string"}}],"inLanguage":"en-US"},{"@type":"Organization","@id":"https:\/\/www.bruine-beer.com\/#organization","name":"Bruine Beer - Location de voilier \u00e0 Marseille","url":"https:\/\/www.bruine-beer.com\/","logo":{"@type":"ImageObject","inLanguage":"en-US","@id":"https:\/\/www.bruine-beer.com\/#\/schema\/logo\/image\/","url":"https:\/\/www.bruine-beer.com\/wp-content\/uploads\/2025\/02\/bruinebeer-logo.webp","contentUrl":"https:\/\/www.bruine-beer.com\/wp-content\/uploads\/2025\/02\/bruinebeer-logo.webp","width":607,"height":281,"caption":"Bruine Beer - Location de voilier \u00e0 Marseille"},"image":{"@id":"https:\/\/www.bruine-beer.com\/#\/schema\/logo\/image\/"}}]}},"uagb_featured_image_src":{"full":false,"thumbnail":false,"medium":false,"medium_large":false,"large":false,"1536x1536":false,"2048x2048":false,"trp-custom-language-flag":false},"uagb_author_info":{"display_name":"Wendy","author_link":"https:\/\/www.bruine-beer.com\/en\/author\/wendy\/"},"uagb_comment_info":0,"uagb_excerpt":"Titulaire du site H\u00e9bergeur du site Cr\u00e9dit photo","_links":{"self":[{"href":"https:\/\/www.bruine-beer.com\/en\/wp-json\/wp\/v2\/pages\/48125","targetHints":{"allow":["GET"]}}],"collection":[{"href":"https:\/\/www.bruine-beer.com\/en\/wp-json\/wp\/v2\/pages"}],"about":[{"href":"https:\/\/www.bruine-beer.com\/en\/wp-json\/wp\/v2\/types\/page"}],"author":[{"embeddable":true,"href":"https:\/\/www.bruine-beer.com\/en\/wp-json\/wp\/v2\/users\/2"}],"replies":[{"embeddable":true,"href":"https:\/\/www.bruine-beer.com\/en\/wp-json\/wp\/v2\/comments?post=48125"}],"version-history":[{"count":5,"href":"https:\/\/www.bruine-beer.com\/en\/wp-json\/wp\/v2\/pages\/48125\/revisions"}],"predecessor-version":[{"id":48290,"href":"https:\/\/www.bruine-beer.com\/en\/wp-json\/wp\/v2\/pages\/48125\/revisions\/48290"}],"wp:attachment":[{"href":"https:\/\/www.bruine-beer.com\/en\/wp-json\/wp\/v2\/media?parent=48125"}],"curies":[{"name":"wp","href":"https:\/\/api.w.org\/{rel}","templated":true}]}}