{"id":486,"date":"2023-08-07T14:08:32","date_gmt":"2023-08-07T14:08:32","guid":{"rendered":"https:\/\/business-one.local\/?page_id=486"},"modified":"2026-03-02T14:28:54","modified_gmt":"2026-03-02T14:28:54","slug":"contact","status":"publish","type":"page","link":"https:\/\/www.bruine-beer.com\/en\/contact\/","title":{"rendered":"Contact"},"content":{"rendered":"<div class=\"gbp-section gb-element-05564eba\">\n<div class=\"gbp-section__inner gb-element-e4ee2705\">\n<div class=\"gb-element-f113bfa5\">\n<div class=\"gb-element-7be615ca\">\n<div class=\"gb-element-be311d60\">\n<h1 class=\"gb-text gb-text-b3282475\">Please contact our team for any information or quote requests.<\/h1>\n\n\n\n<p class=\"gb-text gb-text-d8e1b370\">For any information or quote requests, our team is here to help. Contact us and let yourself be swept away by adventure!<\/p>\n\n\n\n<div class=\"gb-element-a4bf7b62\">\n<p class=\"gb-text-7e556485\"><span class=\"gb-shape\"><svg fill=\"#464639\" viewbox=\"0 0 1920 1920\" xmlns=\"http:\/\/www.w3.org\/2000\/svg\" stroke=\"#464639\"><g id=\"SVGRepo_bgCarrier\" stroke-width=\"0\"><\/g><g id=\"SVGRepo_tracerCarrier\" stroke-linecap=\"round\" stroke-linejoin=\"round\"><\/g><g id=\"SVGRepo_iconCarrier\"> <path d=\"M960 0c530.193 0 960 429.807 960 960s-429.807 960-960 960S0 1490.193 0 960 429.807 0 960 0Zm0 101.053c-474.384 0-858.947 384.563-858.947 858.947S485.616 1818.947 960 1818.947 1818.947 1434.384 1818.947 960 1434.384 101.053 960 101.053Zm-42.074 626.795c-85.075 39.632-157.432 107.975-229.844 207.898-10.327 14.249-10.744 22.907-.135 30.565 7.458 5.384 11.792 3.662 22.656-7.928 1.453-1.562 1.453-1.562 2.94-3.174 9.391-10.17 16.956-18.8 33.115-37.565 53.392-62.005 79.472-87.526 120.003-110.867 35.075-20.198 65.9 9.485 60.03 47.471-1.647 10.664-4.483 18.534-11.791 35.432-2.907 6.722-4.133 9.646-5.496 13.23-13.173 34.63-24.269 63.518-47.519 123.85l-1.112 2.886c-7.03 18.242-7.03 18.242-14.053 36.48-30.45 79.138-48.927 127.666-67.991 178.988l-1.118 3.008a10180.575 10180.575 0 0 0-10.189 27.469c-21.844 59.238-34.337 97.729-43.838 138.668-1.484 6.37-1.484 6.37-2.988 12.845-5.353 23.158-8.218 38.081-9.82 53.42-2.77 26.522-.543 48.24 7.792 66.493 9.432 20.655 29.697 35.43 52.819 38.786 38.518 5.592 75.683 5.194 107.515-2.048 17.914-4.073 35.638-9.405 53.03-15.942 50.352-18.932 98.861-48.472 145.846-87.52 41.11-34.26 80.008-76 120.788-127.872 3.555-4.492 3.555-4.492 7.098-8.976 12.318-15.707 18.352-25.908 20.605-36.683 2.45-11.698-7.439-23.554-15.343-19.587-3.907 1.96-7.993 6.018-14.22 13.872-4.454 5.715-6.875 8.77-9.298 11.514-9.671 10.95-19.883 22.157-30.947 33.998-18.241 19.513-36.775 38.608-63.656 65.789-13.69 13.844-30.908 25.947-49.42 35.046-29.63 14.559-56.358-3.792-53.148-36.635 2.118-21.681 7.37-44.096 15.224-65.767 17.156-47.367 31.183-85.659 62.216-170.048 13.459-36.6 19.27-52.41 26.528-72.201 21.518-58.652 38.696-105.868 55.04-151.425 20.19-56.275 31.596-98.224 36.877-141.543 3.987-32.673-5.103-63.922-25.834-85.405-22.986-23.816-55.68-34.787-96.399-34.305-45.053.535-97.607 15.256-145.963 37.783Zm308.381-388.422c-80.963-31.5-178.114 22.616-194.382 108.33-11.795 62.124 11.412 115.76 58.78 138.225 93.898 44.531 206.587-26.823 206.592-130.826.005-57.855-24.705-97.718-70.99-115.729Z\" fill-rule=\"evenodd\"><\/path> <\/g><\/svg><\/span><span class=\"gb-text\">Accessible from Saint Charles train station<\/span><\/p>\n\n\n\n<p class=\"gb-text-9fd8ad23\"><span class=\"gb-shape\"><svg aria-hidden=\"true\" role=\"img\" height=\"1em\" width=\"1em\" viewbox=\"0 0 256 512\" xmlns=\"http:\/\/www.w3.org\/2000\/svg\"><path fill=\"currentColor\" d=\"M224.3 273l-136 136c-9.4 9.4-24.6 9.4-33.9 0l-22.6-22.6c-9.4-9.4-9.4-24.6 0-33.9l96.4-96.4-96.4-96.4c-9.4-9.4-9.4-24.6 0-33.9L54.3 103c9.4-9.4 24.6-9.4 33.9 0l136 136c9.5 9.4 9.5 24.6.1 34z\"><\/path><\/svg><\/span><span class=\"gb-text\">Metro 1 stop \u201cVieux-Port\u201d<\/span><\/p>\n\n\n\n<p class=\"gb-text-c1e9bf76\"><span class=\"gb-shape\"><svg aria-hidden=\"true\" role=\"img\" height=\"1em\" width=\"1em\" viewbox=\"0 0 256 512\" xmlns=\"http:\/\/www.w3.org\/2000\/svg\"><path fill=\"currentColor\" d=\"M224.3 273l-136 136c-9.4 9.4-24.6 9.4-33.9 0l-22.6-22.6c-9.4-9.4-9.4-24.6 0-33.9l96.4-96.4-96.4-96.4c-9.4-9.4-9.4-24.6 0-33.9L54.3 103c9.4-9.4 24.6-9.4 33.9 0l136 136c9.5 9.4 9.5 24.6.1 34z\"><\/path><\/svg><\/span><span class=\"gb-text\">Bus stop \u201cH\u00f4tel de Ville\u201d<\/span><\/p>\n\n\n\n<p class=\"gb-text-8b04c7a2\"><span class=\"gb-shape\"><svg aria-hidden=\"true\" role=\"img\" height=\"1em\" width=\"1em\" viewbox=\"0 0 256 512\" xmlns=\"http:\/\/www.w3.org\/2000\/svg\"><path fill=\"currentColor\" d=\"M224.3 273l-136 136c-9.4 9.4-24.6 9.4-33.9 0l-22.6-22.6c-9.4-9.4-9.4-24.6 0-33.9l96.4-96.4-96.4-96.4c-9.4-9.4-9.4-24.6 0-33.9L54.3 103c9.4-9.4 24.6-9.4 33.9 0l136 136c9.5 9.4 9.5 24.6.1 34z\"><\/path><\/svg><\/span><span class=\"gb-text\"><strong>Bus 49-60-82-82S-83-583<\/strong><\/span><\/p>\n\n\n\n<p class=\"gb-text\"><strong>Coordonn\u00e9e GPS : <\/strong><br>43.295450, 5.370291<br>&nbsp;<br>L\u2019embarquement se situe&nbsp;<strong>en face de la Mairie de Marseille<\/strong>,&nbsp;<strong>rive droite du Vieux-Port<\/strong>, au&nbsp;<strong>port PH2<\/strong>.<br><br>Depuis l\u2019H\u00f4tel de Ville, traversez la route en direction du port.<br><br>La&nbsp;<strong>porte PH2<\/strong>&nbsp;se trouve juste \u00e0 c\u00f4t\u00e9 de la porte d\u2019embarquement du&nbsp;<strong>Ferry Boat<\/strong>.<br>Merci d\u2019attendre&nbsp;<strong>devant la porte PH2<\/strong>.<\/p>\n<\/div>\n\n\n\n<div style=\"height:133px\" aria-hidden=\"true\" class=\"wp-block-spacer\"><\/div>\n<\/div>\n\n\n\n<div class=\"gbp--border-radius gb-element-70b78f12\">\n<span class=\"gb-shape gb-shape-2bd830b5\"><svg xmlns=\"http:\/\/www.w3.org\/2000\/svg\" width=\"32\" height=\"32\" viewbox=\"0 0 256 256\"><path d=\"M224,154.8l-47.09-21.11-.18-.08a19.94,19.94,0,0,0-19,1.75,13.08,13.08,0,0,0-1.12.84l-22.31,19c-13-7.05-26.43-20.37-33.49-33.21l19.06-22.66a11.76,11.76,0,0,0,.85-1.15,20,20,0,0,0,1.66-18.83,1.42,1.42,0,0,1-.08-.18L101.2,32A20.06,20.06,0,0,0,80.42,20.15,60.27,60.27,0,0,0,28,80c0,81.61,66.39,148,148,148a60.27,60.27,0,0,0,59.85-52.42A20.06,20.06,0,0,0,224,154.8ZM176,204A124.15,124.15,0,0,1,52,80,36.29,36.29,0,0,1,80.48,44.46l18.82,42L80.14,109.28a12,12,0,0,0-.86,1.16A20,20,0,0,0,78,130.08c9.42,19.28,28.83,38.56,48.31,48A20,20,0,0,0,146,176.63a11.63,11.63,0,0,0,1.11-.85l22.43-19.07,42,18.81A36.29,36.29,0,0,1,176,204Z\"><\/path><\/svg><\/span>\n\n\n\n<div>\n<p class=\"gb-text gbp-section__text--lg gb-text-9f6aba78\">Call us<\/p>\n\n\n\n<h3 class=\"gb-text gb-text-b9a01b31\">04 86 68 22 48<\/h3>\n<\/div>\n<\/div>\n\n\n\n<div style=\"height:100px\" aria-hidden=\"true\" class=\"wp-block-spacer\"><\/div>\n<\/div>\n\n\n\n<div class=\"gbp--border-radius gb-element-91ef204e\">\n<div class=\"wpcf7 no-js\" id=\"wpcf7-f47512-o1\" lang=\"fr-FR\" dir=\"ltr\" data-wpcf7-id=\"47512\">\n<div class=\"screen-reader-response\"><p role=\"status\" aria-live=\"polite\" aria-atomic=\"true\"><\/p> <ul><\/ul><\/div>\n<form action=\"\/en\/wp-json\/wp\/v2\/pages\/486#wpcf7-f47512-o1\" method=\"post\" class=\"wpcf7-form init\" aria-label=\"Formulaire de contact\" novalidate=\"novalidate\" data-status=\"init\" data-trp-original-action=\"\/en\/wp-json\/wp\/v2\/pages\/486#wpcf7-f47512-o1\">\n<fieldset class=\"hidden-fields-container\"><input type=\"hidden\" name=\"_wpcf7\" value=\"47512\" \/><input type=\"hidden\" name=\"_wpcf7_version\" value=\"6.1.4\" \/><input type=\"hidden\" name=\"_wpcf7_locale\" value=\"fr_FR\" \/><input type=\"hidden\" name=\"_wpcf7_unit_tag\" value=\"wpcf7-f47512-o1\" \/><input type=\"hidden\" name=\"_wpcf7_container_post\" value=\"0\" \/><input type=\"hidden\" name=\"_wpcf7_posted_data_hash\" value=\"\" \/>\n<\/fieldset>\n<p><label> Your name<br \/>\n<span class=\"wpcf7-form-control-wrap\" data-name=\"your-name\"><input size=\"40\" maxlength=\"400\" class=\"wpcf7-form-control wpcf7-text wpcf7-validates-as-required\" autocomplete=\"name\" aria-required=\"true\" aria-invalid=\"false\" value=\"\" type=\"text\" name=\"your-name\" \/><\/span> <\/label>\n<\/p>\n<p><label> Your e-mail<br \/>\n<span class=\"wpcf7-form-control-wrap\" data-name=\"your-email\"><input size=\"40\" maxlength=\"400\" class=\"wpcf7-form-control wpcf7-email wpcf7-validates-as-required wpcf7-text wpcf7-validates-as-email\" autocomplete=\"email\" aria-required=\"true\" aria-invalid=\"false\" value=\"\" type=\"email\" name=\"your-email\" \/><\/span> <\/label>\n<\/p>\n<p><label> Subject<br \/>\n<span class=\"wpcf7-form-control-wrap\" data-name=\"your-subject\"><input size=\"40\" maxlength=\"400\" class=\"wpcf7-form-control wpcf7-text wpcf7-validates-as-required\" aria-required=\"true\" aria-invalid=\"false\" value=\"\" type=\"text\" name=\"your-subject\" \/><\/span> <\/label>\n<\/p>\n<p><label> Your message (optional)<br \/>\n<span class=\"wpcf7-form-control-wrap\" data-name=\"your-message\"><textarea cols=\"40\" rows=\"10\" maxlength=\"2000\" class=\"wpcf7-form-control wpcf7-textarea wpcf7-validates-as-required\" aria-required=\"true\" aria-invalid=\"false\" name=\"your-message\"><\/textarea><\/span> <\/label>\n<\/p>\n<p><input class=\"wpcf7-form-control wpcf7-submit has-spinner\" type=\"submit\" value=\"Send\" \/>\n<\/p><div class=\"wpcf7-response-output\" aria-hidden=\"true\"><\/div>\n<input type=\"hidden\" name=\"trp-form-language\" value=\"en\"\/><\/form>\n<\/div>\n\n\n\n\n<div class=\"wp-block-uagb-image uagb-block-eb2e471c wp-block-uagb-image--layout-default wp-block-uagb-image--effect-static wp-block-uagb-image--align-none\"><figure class=\"wp-block-uagb-image__figure\"><img decoding=\"async\" srcset=\"https:\/\/www.bruine-beer.com\/wp-content\/uploads\/2026\/03\/WhatsApp-Image-2026-02-25-at-09.10.40-e1772461346362-755x1024.jpeg ,https:\/\/www.bruine-beer.com\/wp-content\/uploads\/2026\/03\/WhatsApp-Image-2026-02-25-at-09.10.40-e1772461346362.jpeg 780w, https:\/\/www.bruine-beer.com\/wp-content\/uploads\/2026\/03\/WhatsApp-Image-2026-02-25-at-09.10.40-e1772461346362.jpeg 360w\" sizes=\"auto, (max-width: 480px) 150px\" src=\"https:\/\/www.bruine-beer.com\/wp-content\/uploads\/2026\/03\/WhatsApp-Image-2026-02-25-at-09.10.40-e1772461346362-755x1024.jpeg\" alt=\"\" class=\"uag-image-48600\" width=\"660\" height=\"895\" title=\"WhatsApp Image 2026-02-25 at 09.10.40\" loading=\"lazy\" role=\"img\"\/><\/figure><\/div>\n<\/div>\n<\/div>\n\n\n\n<div>\n<div class=\"gb-element-911b8a2d\">\n<div class=\"gbp--border-radius gbp--box-shadow gb-element-d8cbf387\">\n<p class=\"gb-text-52706088\"><span class=\"gb-shape\"><svg viewbox=\"0 0 256 256\" height=\"32\" width=\"32\" xmlns=\"http:\/\/www.w3.org\/2000\/svg\"><path d=\"M128,60a44,44,0,1,0,44,44A44.05,44.05,0,0,0,128,60Zm0,64a20,20,0,1,1,20-20A20,20,0,0,1,128,124Zm0-112a92.1,92.1,0,0,0-92,92c0,77.36,81.64,135.4,85.12,137.83a12,12,0,0,0,13.76,0,259,259,0,0,0,42.18-39C205.15,170.57,220,136.37,220,104A92.1,92.1,0,0,0,128,12Zm31.3,174.71A249.35,249.35,0,0,1,128,216.89a249.35,249.35,0,0,1-31.3-30.18C80,167.37,60,137.31,60,104a68,68,0,0,1,136,0C196,137.31,176,167.37,159.3,186.71Z\"><\/path><\/svg><\/span><span class=\"gb-text\">Address<\/span><\/p>\n\n\n\n<p class=\"gb-text gb-text-f006e16d\">70 quai du Port<br>13002 Marseille<\/p>\n<\/div>\n\n\n\n<div class=\"gbp--border-radius gbp--box-shadow gb-element-56e32db2\">\n<div>\n<p class=\"gb-text-a92563b4\"><span class=\"gb-shape\"><svg xmlns=\"http:\/\/www.w3.org\/2000\/svg\" width=\"32\" height=\"32\" viewbox=\"0 0 256 256\"><path d=\"M224,154.8l-47.09-21.11-.18-.08a19.94,19.94,0,0,0-19,1.75,13.08,13.08,0,0,0-1.12.84l-22.31,19c-13-7.05-26.43-20.37-33.49-33.21l19.06-22.66a11.76,11.76,0,0,0,.85-1.15,20,20,0,0,0,1.66-18.83,1.42,1.42,0,0,1-.08-.18L101.2,32A20.06,20.06,0,0,0,80.42,20.15,60.27,60.27,0,0,0,28,80c0,81.61,66.39,148,148,148a60.27,60.27,0,0,0,59.85-52.42A20.06,20.06,0,0,0,224,154.8ZM176,204A124.15,124.15,0,0,1,52,80,36.29,36.29,0,0,1,80.48,44.46l18.82,42L80.14,109.28a12,12,0,0,0-.86,1.16A20,20,0,0,0,78,130.08c9.42,19.28,28.83,38.56,48.31,48A20,20,0,0,0,146,176.63a11.63,11.63,0,0,0,1.11-.85l22.43-19.07,42,18.81A36.29,36.29,0,0,1,176,204Z\"><\/path><\/svg><\/span><span class=\"gb-text\">Phone<\/span><\/p>\n<\/div>\n\n\n\n<p class=\"gb-text gb-text-246409f1\">04 86 68 22 48<\/p>\n<\/div>\n\n\n\n<div class=\"gbp--border-radius gbp--box-shadow gb-element-5cc54a4d\">\n<p class=\"gb-text-49f12aef\"><span class=\"gb-shape\"><svg xmlns=\"http:\/\/www.w3.org\/2000\/svg\" width=\"32\" height=\"32\" viewbox=\"0 0 256 256\"><path d=\"M128,20a108,108,0,0,0,0,216c22.27,0,45.69-6.73,62.64-18a12,12,0,1,0-13.29-20c-13,8.63-31.89,14-49.35,14a84,84,0,1,1,84-84c0,9.29-1.67,17.08-4.69,21.95-2.64,4.24-6,6.05-11.31,6.05s-8.67-1.81-11.31-6.05c-3-4.87-4.69-12.66-4.69-21.95V88a12,12,0,0,0-23.49-3.46,52,52,0,1,0,8.86,79.57C172.3,174.3,182.81,180,196,180c24.67,0,40-19.92,40-52A108.12,108.12,0,0,0,128,20Zm0,136a28,28,0,1,1,28-28A28,28,0,0,1,128,156Z\"><\/path><\/svg><\/span><span class=\"gb-text\">E-mail<\/span><\/p>\n\n\n\n<p class=\"gb-text gb-text-a235b1e4\">bb.calanques@gmail.com<\/p>\n<\/div>\n\n\n\n<div class=\"gbp--border-radius gbp--box-shadow gb-element-9e1163ca\">\n<p class=\"gb-text-dd33e71b\"><span class=\"gb-shape\"><svg xmlns=\"http:\/\/www.w3.org\/2000\/svg\" width=\"32\" height=\"32\" viewbox=\"0 0 256 256\"><path d=\"M128,20A108,108,0,1,0,236,128,108.12,108.12,0,0,0,128,20Zm0,192a84,84,0,1,1,84-84A84.09,84.09,0,0,1,128,212Zm68-84a12,12,0,0,1-12,12H128a12,12,0,0,1-12-12V72a12,12,0,0,1,24,0v44h44A12,12,0,0,1,196,128Z\"><\/path><\/svg><\/span><span class=\"gb-text\">Schedule<\/span><\/p>\n\n\n\n<p class=\"gb-text gb-text-cf094d6b\">High season : 7d\/7 From 9:30 am to 7 pm<br>Off season : Tuesday to Friday from 9:30 am to 6 pm<\/p>\n<\/div>\n<\/div>\n<\/div>\n<\/div>\n<\/div>\n\n\n\n<div class=\"gb-element-9284ff00\">\n<div class=\"wp-block-group is-nowrap is-layout-flex wp-container-core-group-is-layout-ad2f72ca wp-block-group-is-layout-flex\">\n<iframe src=\"https:\/\/www.google.com\/maps\/embed?pb=!1m17!1m12!1m3!1d2903.8951224417756!2d5.3674305448360515!3d43.29551796552311!2m3!1f0!2f0!3f0!3m2!1i1024!2i768!4f13.1!3m2!1m1!2zNDPCsDE3JzQzLjkiTiA1wrAyMicxMi45IkU!5e0!3m2!1sfr!2sfr!4v1743582575637!5m2!1sfr!2sfr\" width=\"100%\" height=\"500\" style=\"border:0;\" allowfullscreen=\"\" loading=\"lazy\" referrerpolicy=\"no-referrer-when-downgrade\"><\/iframe>\n<\/div>\n<\/div>","protected":false},"excerpt":{"rendered":"<p>Contactez notre \u00e9quipe pour tout renseignement ou demande de devis Pour toute information ou demande de devis, notre \u00e9quipe est \u00e0 votre \u00e9coute. Contactez-nous et laissez-vous porter par l\u2019aventure ! Accessible depuis la gare Saint Charles M\u00e9tro 1 arr\u00eat \u00ab&nbsp;Vieux-Port&nbsp;\u00bb Arr\u00eat de bus \u00ab H\u00f4tel de Ville \u00bb Bus 49-60-82-82S-83-583 Coordonn\u00e9e GPS : 43.295450, 5.370291&nbsp;L\u2019embarquement &#8230; <a title=\"Contact\" class=\"read-more\" href=\"https:\/\/www.bruine-beer.com\/en\/contact\/\" aria-label=\"Read more about Contact\">Read more<\/a><\/p>","protected":false},"author":2,"featured_media":0,"parent":0,"menu_order":0,"comment_status":"closed","ping_status":"closed","template":"","meta":{"_uag_custom_page_level_css":"","footnotes":""},"class_list":["post-486","page","type-page","status-publish"],"yoast_head":"<!-- This site is optimized with the Yoast SEO plugin v27.5 - https:\/\/yoast.com\/product\/yoast-seo-wordpress\/ -->\n<title>Contact - Bruine Beer - Location de voilier \u00e0 Marseille<\/title>\n<meta name=\"robots\" content=\"index, follow, max-snippet:-1, max-image-preview:large, max-video-preview:-1\" \/>\n<link rel=\"canonical\" href=\"https:\/\/www.bruine-beer.com\/en\/contact\/\" \/>\n<meta property=\"og:locale\" content=\"en_US\" \/>\n<meta property=\"og:type\" content=\"article\" \/>\n<meta property=\"og:title\" content=\"Contact - Bruine Beer - Location de voilier \u00e0 Marseille\" \/>\n<meta property=\"og:description\" content=\"Contactez notre \u00e9quipe pour tout renseignement ou demande de devis Pour toute information ou demande de devis, notre \u00e9quipe est \u00e0 votre \u00e9coute. Contactez-nous et laissez-vous porter par l\u2019aventure ! Accessible depuis la gare Saint Charles M\u00e9tro 1 arr\u00eat \u00ab&nbsp;Vieux-Port&nbsp;\u00bb Arr\u00eat de bus \u00ab H\u00f4tel de Ville \u00bb Bus 49-60-82-82S-83-583 Coordonn\u00e9e GPS : 43.295450, 5.370291&nbsp;L\u2019embarquement ... Read more\" \/>\n<meta property=\"og:url\" content=\"https:\/\/www.bruine-beer.com\/en\/contact\/\" \/>\n<meta property=\"og:site_name\" content=\"Bruine Beer - Location de voilier \u00e0 Marseille\" \/>\n<meta property=\"article:modified_time\" content=\"2026-03-02T14:28:54+00:00\" \/>\n<meta property=\"og:image\" content=\"https:\/\/www.bruine-beer.com\/wp-content\/uploads\/2026\/03\/WhatsApp-Image-2026-02-25-at-09.10.40-e1772461346362-755x1024.jpeg\" \/>\n<meta name=\"twitter:card\" content=\"summary_large_image\" \/>\n<meta name=\"twitter:label1\" content=\"Est. reading time\" \/>\n\t<meta name=\"twitter:data1\" content=\"1 minute\" \/>\n<script type=\"application\/ld+json\" class=\"yoast-schema-graph\">{\"@context\":\"https:\\\/\\\/schema.org\",\"@graph\":[{\"@type\":\"WebPage\",\"@id\":\"https:\\\/\\\/www.bruine-beer.com\\\/contact\\\/\",\"url\":\"https:\\\/\\\/www.bruine-beer.com\\\/contact\\\/\",\"name\":\"Contact - Bruine Beer - Location de voilier \u00e0 Marseille\",\"isPartOf\":{\"@id\":\"https:\\\/\\\/www.bruine-beer.com\\\/#website\"},\"primaryImageOfPage\":{\"@id\":\"https:\\\/\\\/www.bruine-beer.com\\\/contact\\\/#primaryimage\"},\"image\":{\"@id\":\"https:\\\/\\\/www.bruine-beer.com\\\/contact\\\/#primaryimage\"},\"thumbnailUrl\":\"https:\\\/\\\/www.bruine-beer.com\\\/wp-content\\\/uploads\\\/2026\\\/03\\\/WhatsApp-Image-2026-02-25-at-09.10.40-e1772461346362-755x1024.jpeg\",\"datePublished\":\"2023-08-07T14:08:32+00:00\",\"dateModified\":\"2026-03-02T14:28:54+00:00\",\"breadcrumb\":{\"@id\":\"https:\\\/\\\/www.bruine-beer.com\\\/contact\\\/#breadcrumb\"},\"inLanguage\":\"en-US\",\"potentialAction\":[{\"@type\":\"ReadAction\",\"target\":[\"https:\\\/\\\/www.bruine-beer.com\\\/contact\\\/\"]}]},{\"@type\":\"ImageObject\",\"inLanguage\":\"en-US\",\"@id\":\"https:\\\/\\\/www.bruine-beer.com\\\/contact\\\/#primaryimage\",\"url\":\"https:\\\/\\\/www.bruine-beer.com\\\/wp-content\\\/uploads\\\/2026\\\/03\\\/WhatsApp-Image-2026-02-25-at-09.10.40-e1772461346362-755x1024.jpeg\",\"contentUrl\":\"https:\\\/\\\/www.bruine-beer.com\\\/wp-content\\\/uploads\\\/2026\\\/03\\\/WhatsApp-Image-2026-02-25-at-09.10.40-e1772461346362-755x1024.jpeg\"},{\"@type\":\"BreadcrumbList\",\"@id\":\"https:\\\/\\\/www.bruine-beer.com\\\/contact\\\/#breadcrumb\",\"itemListElement\":[{\"@type\":\"ListItem\",\"position\":1,\"name\":\"Accueil\",\"item\":\"https:\\\/\\\/www.bruine-beer.com\\\/\"},{\"@type\":\"ListItem\",\"position\":2,\"name\":\"Contact\"}]},{\"@type\":\"WebSite\",\"@id\":\"https:\\\/\\\/www.bruine-beer.com\\\/#website\",\"url\":\"https:\\\/\\\/www.bruine-beer.com\\\/\",\"name\":\"Bruine Beer - Location de voilier \u00e0 Marseille\",\"description\":\"\",\"publisher\":{\"@id\":\"https:\\\/\\\/www.bruine-beer.com\\\/#organization\"},\"potentialAction\":[{\"@type\":\"SearchAction\",\"target\":{\"@type\":\"EntryPoint\",\"urlTemplate\":\"https:\\\/\\\/www.bruine-beer.com\\\/?s={search_term_string}\"},\"query-input\":{\"@type\":\"PropertyValueSpecification\",\"valueRequired\":true,\"valueName\":\"search_term_string\"}}],\"inLanguage\":\"en-US\"},{\"@type\":\"Organization\",\"@id\":\"https:\\\/\\\/www.bruine-beer.com\\\/#organization\",\"name\":\"Bruine Beer - Location de voilier \u00e0 Marseille\",\"url\":\"https:\\\/\\\/www.bruine-beer.com\\\/\",\"logo\":{\"@type\":\"ImageObject\",\"inLanguage\":\"en-US\",\"@id\":\"https:\\\/\\\/www.bruine-beer.com\\\/#\\\/schema\\\/logo\\\/image\\\/\",\"url\":\"https:\\\/\\\/www.bruine-beer.com\\\/wp-content\\\/uploads\\\/2025\\\/02\\\/bruinebeer-logo.webp\",\"contentUrl\":\"https:\\\/\\\/www.bruine-beer.com\\\/wp-content\\\/uploads\\\/2025\\\/02\\\/bruinebeer-logo.webp\",\"width\":607,\"height\":281,\"caption\":\"Bruine Beer - Location de voilier \u00e0 Marseille\"},\"image\":{\"@id\":\"https:\\\/\\\/www.bruine-beer.com\\\/#\\\/schema\\\/logo\\\/image\\\/\"}}]}<\/script>\n<!-- \/ Yoast SEO plugin. -->","yoast_head_json":{"title":"Contact - Bruine Beer - Location de voilier \u00e0 Marseille","robots":{"index":"index","follow":"follow","max-snippet":"max-snippet:-1","max-image-preview":"max-image-preview:large","max-video-preview":"max-video-preview:-1"},"canonical":"https:\/\/www.bruine-beer.com\/en\/contact\/","og_locale":"en_US","og_type":"article","og_title":"Contact - Bruine Beer - Location de voilier \u00e0 Marseille","og_description":"Contactez notre \u00e9quipe pour tout renseignement ou demande de devis Pour toute information ou demande de devis, notre \u00e9quipe est \u00e0 votre \u00e9coute. Contactez-nous et laissez-vous porter par l\u2019aventure ! Accessible depuis la gare Saint Charles M\u00e9tro 1 arr\u00eat \u00ab&nbsp;Vieux-Port&nbsp;\u00bb Arr\u00eat de bus \u00ab H\u00f4tel de Ville \u00bb Bus 49-60-82-82S-83-583 Coordonn\u00e9e GPS : 43.295450, 5.370291&nbsp;L\u2019embarquement ... Read more","og_url":"https:\/\/www.bruine-beer.com\/en\/contact\/","og_site_name":"Bruine Beer - Location de voilier \u00e0 Marseille","article_modified_time":"2026-03-02T14:28:54+00:00","og_image":[{"url":"https:\/\/www.bruine-beer.com\/wp-content\/uploads\/2026\/03\/WhatsApp-Image-2026-02-25-at-09.10.40-e1772461346362-755x1024.jpeg","type":"","width":"","height":""}],"twitter_card":"summary_large_image","twitter_misc":{"Est. reading time":"1 minute"},"schema":{"@context":"https:\/\/schema.org","@graph":[{"@type":"WebPage","@id":"https:\/\/www.bruine-beer.com\/contact\/","url":"https:\/\/www.bruine-beer.com\/contact\/","name":"Contact - Bruine Beer - Location de voilier \u00e0 Marseille","isPartOf":{"@id":"https:\/\/www.bruine-beer.com\/#website"},"primaryImageOfPage":{"@id":"https:\/\/www.bruine-beer.com\/contact\/#primaryimage"},"image":{"@id":"https:\/\/www.bruine-beer.com\/contact\/#primaryimage"},"thumbnailUrl":"https:\/\/www.bruine-beer.com\/wp-content\/uploads\/2026\/03\/WhatsApp-Image-2026-02-25-at-09.10.40-e1772461346362-755x1024.jpeg","datePublished":"2023-08-07T14:08:32+00:00","dateModified":"2026-03-02T14:28:54+00:00","breadcrumb":{"@id":"https:\/\/www.bruine-beer.com\/contact\/#breadcrumb"},"inLanguage":"en-US","potentialAction":[{"@type":"ReadAction","target":["https:\/\/www.bruine-beer.com\/contact\/"]}]},{"@type":"ImageObject","inLanguage":"en-US","@id":"https:\/\/www.bruine-beer.com\/contact\/#primaryimage","url":"https:\/\/www.bruine-beer.com\/wp-content\/uploads\/2026\/03\/WhatsApp-Image-2026-02-25-at-09.10.40-e1772461346362-755x1024.jpeg","contentUrl":"https:\/\/www.bruine-beer.com\/wp-content\/uploads\/2026\/03\/WhatsApp-Image-2026-02-25-at-09.10.40-e1772461346362-755x1024.jpeg"},{"@type":"BreadcrumbList","@id":"https:\/\/www.bruine-beer.com\/contact\/#breadcrumb","itemListElement":[{"@type":"ListItem","position":1,"name":"Accueil","item":"https:\/\/www.bruine-beer.com\/"},{"@type":"ListItem","position":2,"name":"Contact"}]},{"@type":"WebSite","@id":"https:\/\/www.bruine-beer.com\/#website","url":"https:\/\/www.bruine-beer.com\/","name":"Bruine Beer - Location de voilier \u00e0 Marseille","description":"","publisher":{"@id":"https:\/\/www.bruine-beer.com\/#organization"},"potentialAction":[{"@type":"SearchAction","target":{"@type":"EntryPoint","urlTemplate":"https:\/\/www.bruine-beer.com\/?s={search_term_string}"},"query-input":{"@type":"PropertyValueSpecification","valueRequired":true,"valueName":"search_term_string"}}],"inLanguage":"en-US"},{"@type":"Organization","@id":"https:\/\/www.bruine-beer.com\/#organization","name":"Bruine Beer - Location de voilier \u00e0 Marseille","url":"https:\/\/www.bruine-beer.com\/","logo":{"@type":"ImageObject","inLanguage":"en-US","@id":"https:\/\/www.bruine-beer.com\/#\/schema\/logo\/image\/","url":"https:\/\/www.bruine-beer.com\/wp-content\/uploads\/2025\/02\/bruinebeer-logo.webp","contentUrl":"https:\/\/www.bruine-beer.com\/wp-content\/uploads\/2025\/02\/bruinebeer-logo.webp","width":607,"height":281,"caption":"Bruine Beer - Location de voilier \u00e0 Marseille"},"image":{"@id":"https:\/\/www.bruine-beer.com\/#\/schema\/logo\/image\/"}}]}},"uagb_featured_image_src":{"full":false,"thumbnail":false,"medium":false,"medium_large":false,"large":false,"1536x1536":false,"2048x2048":false,"trp-custom-language-flag":false},"uagb_author_info":{"display_name":"Wendy","author_link":"https:\/\/www.bruine-beer.com\/en\/author\/wendy\/"},"uagb_comment_info":0,"uagb_excerpt":"Contactez notre \u00e9quipe pour tout renseignement ou demande de devis Pour toute information ou demande de devis, notre \u00e9quipe est \u00e0 votre \u00e9coute. Contactez-nous et laissez-vous porter par l\u2019aventure ! Accessible depuis la gare Saint Charles M\u00e9tro 1 arr\u00eat \u00ab&nbsp;Vieux-Port&nbsp;\u00bb Arr\u00eat de bus \u00ab H\u00f4tel de Ville \u00bb Bus 49-60-82-82S-83-583 Coordonn\u00e9e GPS : 43.295450, 5.370291&nbsp;L\u2019embarquement&hellip;","_links":{"self":[{"href":"https:\/\/www.bruine-beer.com\/en\/wp-json\/wp\/v2\/pages\/486","targetHints":{"allow":["GET"]}}],"collection":[{"href":"https:\/\/www.bruine-beer.com\/en\/wp-json\/wp\/v2\/pages"}],"about":[{"href":"https:\/\/www.bruine-beer.com\/en\/wp-json\/wp\/v2\/types\/page"}],"author":[{"embeddable":true,"href":"https:\/\/www.bruine-beer.com\/en\/wp-json\/wp\/v2\/users\/2"}],"replies":[{"embeddable":true,"href":"https:\/\/www.bruine-beer.com\/en\/wp-json\/wp\/v2\/comments?post=486"}],"version-history":[{"count":34,"href":"https:\/\/www.bruine-beer.com\/en\/wp-json\/wp\/v2\/pages\/486\/revisions"}],"predecessor-version":[{"id":48612,"href":"https:\/\/www.bruine-beer.com\/en\/wp-json\/wp\/v2\/pages\/486\/revisions\/48612"}],"wp:attachment":[{"href":"https:\/\/www.bruine-beer.com\/en\/wp-json\/wp\/v2\/media?parent=486"}],"curies":[{"name":"wp","href":"https:\/\/api.w.org\/{rel}","templated":true}]}}